{"id":14107,"date":"2023-06-15T15:00:22","date_gmt":"2023-06-15T13:00:22","guid":{"rendered":"https:\/\/www.praenatalzentrum.wien\/sizin-icin-buradayiz\/dr-viktoria-zwetzbacher-2\/"},"modified":"2025-08-07T19:03:04","modified_gmt":"2025-08-07T17:03:04","slug":"dr-viktoria-zwetzbacher-2","status":"publish","type":"page","link":"https:\/\/www.praenatalzentrum.wien\/tr\/sizin-icin-buradayiz\/dr-viktoria-zwetzbacher-2\/","title":{"rendered":"Dr. Viktoria Zwetzbacher"},"content":{"rendered":"<section class=\"l-section wpb_row height_custom\"><div class=\"l-section-h i-cf\"><div class=\"g-cols vc_row via_flex valign_top type_default stacking_default\"><div class=\"vc_col-sm-6 wpb_column vc_column_container\"><div class=\"vc_column-inner\"><div class=\"wpb_wrapper\"><div class=\"wpb_text_column\"><div class=\"wpb_wrapper\"><h1>Dr. Viktoria Zwetzbacher<\/h1>\n<ul>\n<li>Kad\u0131n hastal\u0131klar\u0131 ve do\u011fum uzman\u0131<\/li>\n<li>\u00d6GUM Derece II<\/li>\n<\/ul>\n<p><strong>Uzmanl\u0131k<\/strong>:<\/p>\n<ul>\n<li>Do\u011fum \u00f6ncesi tan\u0131<\/li>\n<\/ul>\n<p><strong>Sprachen:<\/strong> Almanca, \u0130ngilizce, \u0130spanyol<\/p>\n<\/div><\/div><\/div><\/div><\/div><div class=\"vc_col-sm-6 wpb_column vc_column_container\"><div class=\"vc_column-inner\"><div class=\"wpb_wrapper\"><div class=\"w-image zoombild has_ratio align_right\"><div class=\"w-image-h\"><div style=\"padding-bottom:100%\"><\/div><img decoding=\"async\" width=\"670\" height=\"668\" src=\"https:\/\/www.praenatalzentrum.wien\/wp-content\/uploads\/2023\/06\/F_VZweckbacher-1.jpg\" class=\"attachment-full size-full\" alt=\"Dr. Viktoria Zwetzbacher, Fach\u00e4rztin f\u00fcr Gyn\u00e4kologie und Geburtshilfe\" loading=\"lazy\" \/><\/div><\/div><\/div><\/div><\/div><\/div><\/div><\/section>\n","protected":false},"excerpt":{"rendered":"Dr. Viktoria Zwetzbacher Kad\u0131n hastal\u0131klar\u0131 ve do\u011fum uzman\u0131 \u00d6GUM Derece II Uzmanl\u0131k: Do\u011fum \u00f6ncesi tan\u0131 Sprachen: Almanca, \u0130ngilizce, \u0130spanyol","protected":false},"author":2,"featured_media":0,"parent":10177,"menu_order":0,"comment_status":"closed","ping_status":"closed","template":"","meta":{"footnotes":""},"class_list":["post-14107","page","type-page","status-publish","hentry"],"yoast_head":"<!-- This site is optimized with the Yoast SEO plugin v27.6 - https:\/\/yoast.com\/product\/yoast-seo-wordpress\/ -->\n<title>Dr. Viktoria Zwetzbacher - Pr\u00e4natalzentrum an der Wien<\/title>\n<meta name=\"robots\" content=\"index, follow, max-snippet:-1, max-image-preview:large, max-video-preview:-1\" \/>\n<link rel=\"canonical\" href=\"https:\/\/www.praenatalzentrum.wien\/tr\/sizin-icin-buradayiz\/dr-viktoria-zwetzbacher-2\/\" \/>\n<meta property=\"og:locale\" content=\"tr_TR\" \/>\n<meta property=\"og:type\" content=\"article\" \/>\n<meta property=\"og:title\" content=\"Dr. Viktoria Zwetzbacher - Pr\u00e4natalzentrum an der Wien\" \/>\n<meta property=\"og:url\" content=\"https:\/\/www.praenatalzentrum.wien\/tr\/sizin-icin-buradayiz\/dr-viktoria-zwetzbacher-2\/\" \/>\n<meta property=\"og:site_name\" content=\"Pr\u00e4natalzentrum an der Wien\" \/>\n<meta property=\"article:modified_time\" content=\"2025-08-07T17:03:04+00:00\" \/>\n<meta property=\"og:image\" content=\"https:\/\/www.praenatalzentrum.wien\/wp-content\/uploads\/2021\/05\/praenatalzentrum-an-der-wien-slider-maedchen-1.jpg\" \/>\n\t<meta property=\"og:image:width\" content=\"1200\" \/>\n\t<meta property=\"og:image:height\" content=\"620\" \/>\n\t<meta property=\"og:image:type\" content=\"image\/jpeg\" \/>\n<meta name=\"twitter:card\" content=\"summary_large_image\" \/>\n<meta name=\"twitter:label1\" content=\"Tahmini okuma s\u00fcresi\" \/>\n\t<meta name=\"twitter:data1\" content=\"1 dakika\" \/>\n<script type=\"application\/ld+json\" class=\"yoast-schema-graph\">{\"@context\":\"https:\\\/\\\/schema.org\",\"@graph\":[{\"@type\":\"WebPage\",\"@id\":\"https:\\\/\\\/www.praenatalzentrum.wien\\\/tr\\\/sizin-icin-buradayiz\\\/dr-viktoria-zwetzbacher-2\\\/\",\"url\":\"https:\\\/\\\/www.praenatalzentrum.wien\\\/tr\\\/sizin-icin-buradayiz\\\/dr-viktoria-zwetzbacher-2\\\/\",\"name\":\"Dr. Viktoria Zwetzbacher - Pr\u00e4natalzentrum an der Wien\",\"isPartOf\":{\"@id\":\"https:\\\/\\\/www.praenatalzentrum.wien\\\/tr\\\/#website\"},\"datePublished\":\"2023-06-15T13:00:22+00:00\",\"dateModified\":\"2025-08-07T17:03:04+00:00\",\"breadcrumb\":{\"@id\":\"https:\\\/\\\/www.praenatalzentrum.wien\\\/tr\\\/sizin-icin-buradayiz\\\/dr-viktoria-zwetzbacher-2\\\/#breadcrumb\"},\"inLanguage\":\"tr\",\"potentialAction\":[{\"@type\":\"ReadAction\",\"target\":[\"https:\\\/\\\/www.praenatalzentrum.wien\\\/tr\\\/sizin-icin-buradayiz\\\/dr-viktoria-zwetzbacher-2\\\/\"]}]},{\"@type\":\"BreadcrumbList\",\"@id\":\"https:\\\/\\\/www.praenatalzentrum.wien\\\/tr\\\/sizin-icin-buradayiz\\\/dr-viktoria-zwetzbacher-2\\\/#breadcrumb\",\"itemListElement\":[{\"@type\":\"ListItem\",\"position\":1,\"name\":\"Startseite\",\"item\":\"https:\\\/\\\/www.praenatalzentrum.wien\\\/tr\\\/\"},{\"@type\":\"ListItem\",\"position\":2,\"name\":\"Sizin i\u00e7in buraday\u0131z\",\"item\":\"https:\\\/\\\/www.praenatalzentrum.wien\\\/tr\\\/sizin-icin-buradayiz\\\/\"},{\"@type\":\"ListItem\",\"position\":3,\"name\":\"Dr. Viktoria Zwetzbacher\"}]},{\"@type\":\"WebSite\",\"@id\":\"https:\\\/\\\/www.praenatalzentrum.wien\\\/tr\\\/#website\",\"url\":\"https:\\\/\\\/www.praenatalzentrum.wien\\\/tr\\\/\",\"name\":\"Pr\u00e4natalzentrum an der Wien\",\"description\":\"Pr\u00e4nataldiagnostik\",\"publisher\":{\"@id\":\"https:\\\/\\\/www.praenatalzentrum.wien\\\/tr\\\/#organization\"},\"potentialAction\":[{\"@type\":\"SearchAction\",\"target\":{\"@type\":\"EntryPoint\",\"urlTemplate\":\"https:\\\/\\\/www.praenatalzentrum.wien\\\/tr\\\/?s={search_term_string}\"},\"query-input\":{\"@type\":\"PropertyValueSpecification\",\"valueRequired\":true,\"valueName\":\"search_term_string\"}}],\"inLanguage\":\"tr\"},{\"@type\":\"Organization\",\"@id\":\"https:\\\/\\\/www.praenatalzentrum.wien\\\/tr\\\/#organization\",\"name\":\"Pr\u00e4natalzentrum an der Wien\",\"url\":\"https:\\\/\\\/www.praenatalzentrum.wien\\\/tr\\\/\",\"logo\":{\"@type\":\"ImageObject\",\"inLanguage\":\"tr\",\"@id\":\"https:\\\/\\\/www.praenatalzentrum.wien\\\/tr\\\/#\\\/schema\\\/logo\\\/image\\\/\",\"url\":\"https:\\\/\\\/www.praenatalzentrum.wien\\\/wp-content\\\/uploads\\\/2020\\\/11\\\/Praenatalzentrum-Wien_Logo.png\",\"contentUrl\":\"https:\\\/\\\/www.praenatalzentrum.wien\\\/wp-content\\\/uploads\\\/2020\\\/11\\\/Praenatalzentrum-Wien_Logo.png\",\"width\":476,\"height\":100,\"caption\":\"Pr\u00e4natalzentrum an der Wien\"},\"image\":{\"@id\":\"https:\\\/\\\/www.praenatalzentrum.wien\\\/tr\\\/#\\\/schema\\\/logo\\\/image\\\/\"}}]}<\/script>\n<!-- \/ Yoast SEO plugin. -->","yoast_head_json":{"title":"Dr. Viktoria Zwetzbacher - Pr\u00e4natalzentrum an der Wien","robots":{"index":"index","follow":"follow","max-snippet":"max-snippet:-1","max-image-preview":"max-image-preview:large","max-video-preview":"max-video-preview:-1"},"canonical":"https:\/\/www.praenatalzentrum.wien\/tr\/sizin-icin-buradayiz\/dr-viktoria-zwetzbacher-2\/","og_locale":"tr_TR","og_type":"article","og_title":"Dr. Viktoria Zwetzbacher - Pr\u00e4natalzentrum an der Wien","og_url":"https:\/\/www.praenatalzentrum.wien\/tr\/sizin-icin-buradayiz\/dr-viktoria-zwetzbacher-2\/","og_site_name":"Pr\u00e4natalzentrum an der Wien","article_modified_time":"2025-08-07T17:03:04+00:00","og_image":[{"width":1200,"height":620,"url":"https:\/\/www.praenatalzentrum.wien\/wp-content\/uploads\/2021\/05\/praenatalzentrum-an-der-wien-slider-maedchen-1.jpg","type":"image\/jpeg"}],"twitter_card":"summary_large_image","twitter_misc":{"Tahmini okuma s\u00fcresi":"1 dakika"},"schema":{"@context":"https:\/\/schema.org","@graph":[{"@type":"WebPage","@id":"https:\/\/www.praenatalzentrum.wien\/tr\/sizin-icin-buradayiz\/dr-viktoria-zwetzbacher-2\/","url":"https:\/\/www.praenatalzentrum.wien\/tr\/sizin-icin-buradayiz\/dr-viktoria-zwetzbacher-2\/","name":"Dr. Viktoria Zwetzbacher - Pr\u00e4natalzentrum an der Wien","isPartOf":{"@id":"https:\/\/www.praenatalzentrum.wien\/tr\/#website"},"datePublished":"2023-06-15T13:00:22+00:00","dateModified":"2025-08-07T17:03:04+00:00","breadcrumb":{"@id":"https:\/\/www.praenatalzentrum.wien\/tr\/sizin-icin-buradayiz\/dr-viktoria-zwetzbacher-2\/#breadcrumb"},"inLanguage":"tr","potentialAction":[{"@type":"ReadAction","target":["https:\/\/www.praenatalzentrum.wien\/tr\/sizin-icin-buradayiz\/dr-viktoria-zwetzbacher-2\/"]}]},{"@type":"BreadcrumbList","@id":"https:\/\/www.praenatalzentrum.wien\/tr\/sizin-icin-buradayiz\/dr-viktoria-zwetzbacher-2\/#breadcrumb","itemListElement":[{"@type":"ListItem","position":1,"name":"Startseite","item":"https:\/\/www.praenatalzentrum.wien\/tr\/"},{"@type":"ListItem","position":2,"name":"Sizin i\u00e7in buraday\u0131z","item":"https:\/\/www.praenatalzentrum.wien\/tr\/sizin-icin-buradayiz\/"},{"@type":"ListItem","position":3,"name":"Dr. Viktoria Zwetzbacher"}]},{"@type":"WebSite","@id":"https:\/\/www.praenatalzentrum.wien\/tr\/#website","url":"https:\/\/www.praenatalzentrum.wien\/tr\/","name":"Pr\u00e4natalzentrum an der Wien","description":"Pr\u00e4nataldiagnostik","publisher":{"@id":"https:\/\/www.praenatalzentrum.wien\/tr\/#organization"},"potentialAction":[{"@type":"SearchAction","target":{"@type":"EntryPoint","urlTemplate":"https:\/\/www.praenatalzentrum.wien\/tr\/?s={search_term_string}"},"query-input":{"@type":"PropertyValueSpecification","valueRequired":true,"valueName":"search_term_string"}}],"inLanguage":"tr"},{"@type":"Organization","@id":"https:\/\/www.praenatalzentrum.wien\/tr\/#organization","name":"Pr\u00e4natalzentrum an der Wien","url":"https:\/\/www.praenatalzentrum.wien\/tr\/","logo":{"@type":"ImageObject","inLanguage":"tr","@id":"https:\/\/www.praenatalzentrum.wien\/tr\/#\/schema\/logo\/image\/","url":"https:\/\/www.praenatalzentrum.wien\/wp-content\/uploads\/2020\/11\/Praenatalzentrum-Wien_Logo.png","contentUrl":"https:\/\/www.praenatalzentrum.wien\/wp-content\/uploads\/2020\/11\/Praenatalzentrum-Wien_Logo.png","width":476,"height":100,"caption":"Pr\u00e4natalzentrum an der Wien"},"image":{"@id":"https:\/\/www.praenatalzentrum.wien\/tr\/#\/schema\/logo\/image\/"}}]}},"_links":{"self":[{"href":"https:\/\/www.praenatalzentrum.wien\/tr\/wp-json\/wp\/v2\/pages\/14107","targetHints":{"allow":["GET"]}}],"collection":[{"href":"https:\/\/www.praenatalzentrum.wien\/tr\/wp-json\/wp\/v2\/pages"}],"about":[{"href":"https:\/\/www.praenatalzentrum.wien\/tr\/wp-json\/wp\/v2\/types\/page"}],"author":[{"embeddable":true,"href":"https:\/\/www.praenatalzentrum.wien\/tr\/wp-json\/wp\/v2\/users\/2"}],"replies":[{"embeddable":true,"href":"https:\/\/www.praenatalzentrum.wien\/tr\/wp-json\/wp\/v2\/comments?post=14107"}],"version-history":[{"count":7,"href":"https:\/\/www.praenatalzentrum.wien\/tr\/wp-json\/wp\/v2\/pages\/14107\/revisions"}],"predecessor-version":[{"id":15503,"href":"https:\/\/www.praenatalzentrum.wien\/tr\/wp-json\/wp\/v2\/pages\/14107\/revisions\/15503"}],"up":[{"embeddable":true,"href":"https:\/\/www.praenatalzentrum.wien\/tr\/wp-json\/wp\/v2\/pages\/10177"}],"wp:attachment":[{"href":"https:\/\/www.praenatalzentrum.wien\/tr\/wp-json\/wp\/v2\/media?parent=14107"}],"curies":[{"name":"wp","href":"https:\/\/api.w.org\/{rel}","templated":true}]}}