{"id":10134,"date":"2021-06-14T14:19:24","date_gmt":"2021-06-14T12:19:24","guid":{"rendered":"https:\/\/www.praenatalzentrum.wien\/kuenye-bilgileri\/"},"modified":"2023-03-21T17:30:55","modified_gmt":"2023-03-21T16:30:55","slug":"kuenye-bilgileri","status":"publish","type":"page","link":"https:\/\/www.praenatalzentrum.wien\/tr\/kuenye-bilgileri\/","title":{"rendered":"K\u00fcnye bilgileri"},"content":{"rendered":"<section class=\"l-section wpb_row height_custom\"><div class=\"l-section-h i-cf\"><div class=\"g-cols vc_row via_flex valign_top type_default stacking_default\"><div class=\"vc_col-sm-12 wpb_column vc_column_container\"><div class=\"vc_column-inner\"><div class=\"wpb_wrapper\"><div class=\"wpb_text_column\"><div class=\"wpb_wrapper\"><p><strong>Medya sahipleri ve Ordinasyon y\u00f6netimi:<\/strong><\/p>\n<p>Dr. Rebecca Ertl, \u00dcniv. Do\u00e7. Dr. Katharina Schuchter<\/p>\n<p><strong>Pr\u00e4natalzentrum an der Wien<\/strong> (An der Wien Do\u011fum \u00f6ncesi Merkezi)<br \/>\nLinke Wienzeile 56, 1060 Viyana<\/p>\n<p>Tel.: (01) 388 70 80<br \/>\nFaks: (01) 388 70 80 DW 99<br \/>\nE-posta: office@praenatalzentrum.wien<\/p>\n<p><strong>Do\u011fum \u00f6ncesi t\u0131p muayenehanesi<\/strong> (Se\u00e7meli Doktor Muayenehanesi \u2013 hastal\u0131k sigortas\u0131 bakmaz)<\/p>\n<p><strong>Sorumlu denetleme makam\u0131:<\/strong> Viyana Tabipler Birli\u011fi<\/p>\n<p><strong>ECG&#8217;ye (E-Ticaret Yasas\u0131) g\u00f6re sorumlu makam: <\/strong>6. B\u00f6lge i\u00e7in Belediye B\u00f6lge Ofisi (Viyana)<\/p>\n<p><strong>Medya sahiplerinin yeri: <\/strong>Viyana<\/p>\n<p><strong>\u015eirketin amac\u0131: <\/strong>Do\u011fum \u00f6ncesi te\u015fhis<\/p>\n<p><strong>Medya Yasas\u0131&#8217;n\u0131n 25. maddesi uyar\u0131nca a\u00e7\u0131klama: <\/strong>Web sitesi, ilgilenenler i\u00e7in hizmet yelpazesinin kendini tan\u0131tmas\u0131 ve sunumu i\u00e7in resmi bir bilgi ortam\u0131 olarak hizmet vermektedir.<\/p>\n<p><strong>Vergi kimlik numaras\u0131 (UID-Nr.)<\/strong>: ATU75822638<\/p>\n<p><strong>Banka Bilgileri:<\/strong><br \/>\nErste Bank (Hesap Sahibi: Pr\u00e4nataldiagnostik an der Wienzeile)<br \/>\nIBAN: AT32 2011 1842 8439 5300<br \/>\nBIC: GIBAATWWXXX<\/p>\n<p><strong>Web sitesi tasar\u0131m\u0131: <\/strong><a href=\"https:\/\/www.essential.at\" target=\"_blank\" rel=\"noopener noreferrer\">Essential PR<\/a><\/p>\n<p><strong>Foto\u011fraflar: <\/strong>Valerie Eccli, Nikki Harris, Klaus Prokop, iStockphoto, Getty Images<\/p>\n<h4>Bu web sitesindeki t\u0131bbi bilgilerin bir doktor veya Acil durum ziyaretinin yerini alamayaca\u011f\u0131n\u0131 belirtmek isteriz.<\/h4>\n<p><strong><br \/>\nSORUMLULUK REDD\u0130<br \/>\n<\/strong><\/p>\n<p>Hem sitenin edit\u00f6rleri \/ operat\u00f6rleri hem de al\u0131nt\u0131 yap\u0131lan yazarlar, herhangi bir hasar durumunda sorumluluktan muaft\u0131r. Y\u00f6nlendirme ba\u011flant\u0131lar\u0131n\u0131n i\u00e7eri\u011fi i\u00e7in herhangi bir sorumluluk kabul etmiyoruz.<\/p>\n<p><strong>\u00c7evrimi\u00e7i teklifin i\u00e7eri\u011fi<\/strong><br \/>\nOperat\u00f6rler, sa\u011flanan bilgilerin gu\u0308ncelli\u011fi, do\u011frulu\u011fu, eksiksizli\u011fi veya kalitesi konusunda herhangi bir sorumluluk kabul etmez. Sa\u011flanan bilgilerin kullan\u0131m\u0131ndan veya kullan\u0131lmamas\u0131ndan kaynaklanan maddi veya manevi zararlarla ilgili olarak operat\u00f6rlere kar\u015f\u0131 sorumluluk iddialar\u0131 veya Operat\u00f6ru\u0308n kas\u0131tl\u0131 veya a\u011f\u0131r ihmalle hareket etti\u011fi kan\u0131tlanmad\u0131k\u00e7a, yanl\u0131\u015f ve eksik bilgilerin kullan\u0131lmas\u0131ndan kaynaklanan nedenler genellikle hari\u00e7 tutulur.<\/p>\n<p>Teklifler ba\u011flay\u0131c\u0131 de\u011fildir. Operat\u00f6rler, \u00f6nceden haber vermeksizin sayfalar\u0131n baz\u0131 k\u0131s\u0131mlar\u0131n\u0131 veya teklifin tamam\u0131n\u0131 de\u011fi\u015ftirme, ekleme veya silme veya yay\u0131n\u0131 ge\u00e7ici veya kal\u0131c\u0131 olarak durdurma hakk\u0131n\u0131 a\u00e7\u0131k\u00e7a sakl\u0131 tutar.<\/p>\n<p><strong>Telif Hakk\u0131<\/strong><br \/>\nTeklifin bir bu\u0308tu\u0308n olarak metni, du\u0308zeni ve tasar\u0131m\u0131 ve ayr\u0131ca bireysel unsurlar\u0131 telif hakk\u0131 ile korunmaktad\u0131r. Ayn\u0131s\u0131, bireysel editoryal katk\u0131lar\u0131n yan\u0131 s\u0131ra bunlar\u0131n se\u00e7imi ve derlenmesi i\u00e7in de ge\u00e7erlidir. \u00dczerinde de\u011fi\u015fiklik yap\u0131lamaz. Metinlerin \/ teklifin kamuya a\u00e7\u0131k kullan\u0131m\u0131 ancak medya sahibinin onay\u0131 ile ger\u00e7ekle\u015febilir.<\/p>\n<p><strong>Referanslar ve ba\u011flant\u0131lar<\/strong><br \/>\nOperat\u00f6rlerin sorumlulu\u011fu d\u0131\u015f\u0131nda olan harici web sitelerine (&#8220;k\u00f6pru\u0308ler&#8221;) do\u011frudan veya dolayl\u0131 referanslar olmas\u0131 durumunda, sorumluluk yaln\u0131zca operat\u00f6rlerin i\u00e7erikten haberdar olmalar\u0131 ve teknik olarak mu\u0308mku\u0308n ve makul olmalar\u0131 halinde yu\u0308ru\u0308rlu\u0308\u011fe girer yasa d\u0131\u015f\u0131 i\u00e7erik durumunda kullan\u0131m\u0131 \u00f6nlemek i\u00e7in.<\/p>\n<p>Operat\u00f6rler, ba\u011flant\u0131lar\u0131n kuruldu\u011fu s\u0131rada, ba\u011flant\u0131l\u0131 sayfalarda hi\u00e7bir yasa d\u0131\u015f\u0131 i\u00e7eri\u011fin tan\u0131nmad\u0131\u011f\u0131n\u0131 a\u00e7\u0131k\u00e7a beyan etmektedir. Operat\u00f6rlerin, linkli veya ba\u011flant\u0131l\u0131 sayfalar\u0131n mevcut ve gelecekteki tasar\u0131m\u0131, i\u00e7eri\u011fi veya yazarl\u0131\u011f\u0131 u\u0308zerinde hi\u00e7bir etkisi yoktur. Bu nedenle, ba\u011flant\u0131\/linkli kurulduktan sonra de\u011fi\u015ftirilen tu\u0308m ba\u011flant\u0131l\u0131 sayfalar\u0131n tu\u0308m i\u00e7eriklerinden a\u00e7\u0131k\u00e7a uzakla\u015f\u0131yorsunuz.<\/p>\n<p>Bu beyan, \u015firketin kendi web sitesinde yer alan tu\u0308m ba\u011flant\u0131lar ve referanslar ile i\u00e7eri\u011fine eri\u015filebilen konuk defterleri, tart\u0131\u015fma forumlar\u0131, ba\u011flant\u0131 dizinleri, posta listeleri ve di\u011fer tu\u0308m veritabanlar\u0131 formlar\u0131ndaki u\u0308\u00e7u\u0308ncu\u0308 taraf giri\u015fleri i\u00e7in ge\u00e7erlidir. Yasalara ayk\u0131r\u0131 olarak yanl\u0131\u015f veya eksik i\u00e7erik ve \u00f6zellikle bu \u015fekilde sunulan bilgilerin kullan\u0131lmas\u0131 veya kullan\u0131lmamas\u0131ndan kaynaklanan zararlar meydana gelebilir. Bundan yaln\u0131zca at\u0131fta bulunulan sayfan\u0131n sa\u011flay\u0131c\u0131s\u0131 sorumludur, yaln\u0131zca ilgili yay\u0131na ba\u011flant\u0131lar yoluyla at\u0131fta bulunan ki\u015fi de\u011fil.<\/p>\n<p><strong>Telif Hakk\u0131 ve Marka Hukuku<\/strong><br \/>\n\u0130\u015fletmeciler, tu\u0308m yay\u0131nlarda kullan\u0131lan g\u00f6rsel, grafik, sesli doku\u0308man, video dizileri ve metinlerin telif haklar\u0131n\u0131 g\u00f6zetmeye, g\u00f6rsel, grafik, sesli doku\u0308man, video dizileri ve kendi olu\u015fturduklar\u0131 metinleri kullanmaya veya lisanss\u0131z grafikleri kullanmaya \u00f6zen g\u00f6stermeyi, ses belgeleri, video dizileri ve metinlerkullanmaya \u00f6zen g\u00f6stermektedir.<\/p>\n<p>Web sitesinde ad\u0131 ge\u00e7en ve muhtemelen u\u0308\u00e7u\u0308ncu\u0308 \u015fah\u0131slar taraf\u0131ndan korunan tu\u0308m markalar ve ticari markalar, ilgili ticari marka kanununun hu\u0308ku\u0308mlerine ve ilgili tescilli sahibinin mu\u0308lkiyet haklar\u0131na k\u0131s\u0131tlama olmaks\u0131z\u0131n tabidir. Ticari markalar\u0131n u\u0308\u00e7u\u0308ncu\u0308 \u015fah\u0131slar\u0131n haklar\u0131yla korunmad\u0131\u011f\u0131 sonucu, sadece bahsedildi diye \u00e7\u0131kar\u0131lmamal\u0131d\u0131r!<\/p>\n<p>Operat\u00f6rlerin kendileri taraf\u0131ndan olu\u015fturulan yay\u0131nlanm\u0131\u015f nesnelerin telif hakk\u0131 yaln\u0131zca sayfalar\u0131n operat\u00f6rlerine aittir. Bu tu\u0308r grafiklerin, ses dosyalar\u0131n\u0131n, video dizilerinin ve metinlerin di\u011fer elektronik veya bas\u0131l\u0131 yay\u0131nlarda \u00e7o\u011falt\u0131lmas\u0131 veya kullan\u0131lmas\u0131, operat\u00f6rlerin a\u00e7\u0131k izni olmadan izin verilmez.<\/p>\n<p><strong>Mu\u0308kellefiyet d\u0131\u015f\u0131 hukuki ge\u00e7erlilik<\/strong><br \/>\nMu\u0308kellefiyet d\u0131\u015f\u0131, y\u00f6nlendirildi\u011finiz internet yay\u0131n\u0131n\u0131n bir par\u00e7as\u0131 olarak g\u00f6ru\u0308lmelidir. Bu metnin b\u00f6lu\u0308mleri veya bireysel formu\u0308lasyonlar\u0131 mevcut yasal duruma art\u0131k uymuyorsa veya tamamen uymuyorsa, belgenin geri kalan b\u00f6lu\u0308mleri i\u00e7erik ve ge\u00e7erlilik a\u00e7\u0131s\u0131ndan etkilenmeden kal\u0131r.<\/p>\n<\/div><\/div><\/div><\/div><\/div><\/div><\/div><\/section>\n","protected":false},"excerpt":{"rendered":"Medya sahipleri ve Ordinasyon y\u00f6netimi: Dr. Rebecca Ertl, \u00dcniv. Do\u00e7. Dr. Katharina Schuchter Pr\u00e4natalzentrum an der Wien (An der Wien Do\u011fum \u00f6ncesi Merkezi) Linke Wienzeile 56, 1060 Viyana Tel.: (01) 388 70 80 Faks: (01) 388 70 80 DW 99 E-posta: office@praenatalzentrum.wien Do\u011fum \u00f6ncesi t\u0131p muayenehanesi (Se\u00e7meli Doktor Muayenehanesi \u2013 hastal\u0131k sigortas\u0131 bakmaz) Sorumlu denetleme...","protected":false},"author":3,"featured_media":0,"parent":0,"menu_order":10,"comment_status":"closed","ping_status":"closed","template":"","meta":{"footnotes":""},"class_list":["post-10134","page","type-page","status-publish","hentry"],"yoast_head":"<!-- This site is optimized with the Yoast SEO plugin v27.6 - https:\/\/yoast.com\/product\/yoast-seo-wordpress\/ -->\n<title>K\u00fcnye bilgileri - Pr\u00e4natalzentrum an der Wien<\/title>\n<meta name=\"robots\" content=\"index, follow, max-snippet:-1, max-image-preview:large, max-video-preview:-1\" \/>\n<link rel=\"canonical\" href=\"https:\/\/www.praenatalzentrum.wien\/tr\/kuenye-bilgileri\/\" \/>\n<meta property=\"og:locale\" content=\"tr_TR\" \/>\n<meta property=\"og:type\" content=\"article\" \/>\n<meta property=\"og:title\" content=\"K\u00fcnye bilgileri - Pr\u00e4natalzentrum an der Wien\" \/>\n<meta property=\"og:url\" content=\"https:\/\/www.praenatalzentrum.wien\/tr\/kuenye-bilgileri\/\" \/>\n<meta property=\"og:site_name\" content=\"Pr\u00e4natalzentrum an der Wien\" \/>\n<meta property=\"article:modified_time\" content=\"2023-03-21T16:30:55+00:00\" \/>\n<meta property=\"og:image\" content=\"https:\/\/www.praenatalzentrum.wien\/wp-content\/uploads\/2021\/05\/praenatalzentrum-an-der-wien-slider-maedchen-1.jpg\" \/>\n\t<meta property=\"og:image:width\" content=\"1200\" \/>\n\t<meta property=\"og:image:height\" content=\"620\" \/>\n\t<meta property=\"og:image:type\" content=\"image\/jpeg\" \/>\n<meta name=\"twitter:card\" content=\"summary_large_image\" \/>\n<meta name=\"twitter:label1\" content=\"Tahmini okuma s\u00fcresi\" \/>\n\t<meta name=\"twitter:data1\" content=\"4 dakika\" \/>\n<script type=\"application\/ld+json\" class=\"yoast-schema-graph\">{\"@context\":\"https:\\\/\\\/schema.org\",\"@graph\":[{\"@type\":\"WebPage\",\"@id\":\"https:\\\/\\\/www.praenatalzentrum.wien\\\/tr\\\/kuenye-bilgileri\\\/\",\"url\":\"https:\\\/\\\/www.praenatalzentrum.wien\\\/tr\\\/kuenye-bilgileri\\\/\",\"name\":\"K\u00fcnye bilgileri - Pr\u00e4natalzentrum an der Wien\",\"isPartOf\":{\"@id\":\"https:\\\/\\\/www.praenatalzentrum.wien\\\/tr\\\/#website\"},\"datePublished\":\"2021-06-14T12:19:24+00:00\",\"dateModified\":\"2023-03-21T16:30:55+00:00\",\"breadcrumb\":{\"@id\":\"https:\\\/\\\/www.praenatalzentrum.wien\\\/tr\\\/kuenye-bilgileri\\\/#breadcrumb\"},\"inLanguage\":\"tr\",\"potentialAction\":[{\"@type\":\"ReadAction\",\"target\":[\"https:\\\/\\\/www.praenatalzentrum.wien\\\/tr\\\/kuenye-bilgileri\\\/\"]}]},{\"@type\":\"BreadcrumbList\",\"@id\":\"https:\\\/\\\/www.praenatalzentrum.wien\\\/tr\\\/kuenye-bilgileri\\\/#breadcrumb\",\"itemListElement\":[{\"@type\":\"ListItem\",\"position\":1,\"name\":\"Startseite\",\"item\":\"https:\\\/\\\/www.praenatalzentrum.wien\\\/tr\\\/\"},{\"@type\":\"ListItem\",\"position\":2,\"name\":\"K\u00fcnye bilgileri\"}]},{\"@type\":\"WebSite\",\"@id\":\"https:\\\/\\\/www.praenatalzentrum.wien\\\/tr\\\/#website\",\"url\":\"https:\\\/\\\/www.praenatalzentrum.wien\\\/tr\\\/\",\"name\":\"Pr\u00e4natalzentrum an der Wien\",\"description\":\"Pr\u00e4nataldiagnostik\",\"publisher\":{\"@id\":\"https:\\\/\\\/www.praenatalzentrum.wien\\\/tr\\\/#organization\"},\"potentialAction\":[{\"@type\":\"SearchAction\",\"target\":{\"@type\":\"EntryPoint\",\"urlTemplate\":\"https:\\\/\\\/www.praenatalzentrum.wien\\\/tr\\\/?s={search_term_string}\"},\"query-input\":{\"@type\":\"PropertyValueSpecification\",\"valueRequired\":true,\"valueName\":\"search_term_string\"}}],\"inLanguage\":\"tr\"},{\"@type\":\"Organization\",\"@id\":\"https:\\\/\\\/www.praenatalzentrum.wien\\\/tr\\\/#organization\",\"name\":\"Pr\u00e4natalzentrum an der Wien\",\"url\":\"https:\\\/\\\/www.praenatalzentrum.wien\\\/tr\\\/\",\"logo\":{\"@type\":\"ImageObject\",\"inLanguage\":\"tr\",\"@id\":\"https:\\\/\\\/www.praenatalzentrum.wien\\\/tr\\\/#\\\/schema\\\/logo\\\/image\\\/\",\"url\":\"https:\\\/\\\/www.praenatalzentrum.wien\\\/wp-content\\\/uploads\\\/2020\\\/11\\\/Praenatalzentrum-Wien_Logo.png\",\"contentUrl\":\"https:\\\/\\\/www.praenatalzentrum.wien\\\/wp-content\\\/uploads\\\/2020\\\/11\\\/Praenatalzentrum-Wien_Logo.png\",\"width\":476,\"height\":100,\"caption\":\"Pr\u00e4natalzentrum an der Wien\"},\"image\":{\"@id\":\"https:\\\/\\\/www.praenatalzentrum.wien\\\/tr\\\/#\\\/schema\\\/logo\\\/image\\\/\"}}]}<\/script>\n<!-- \/ Yoast SEO plugin. -->","yoast_head_json":{"title":"K\u00fcnye bilgileri - Pr\u00e4natalzentrum an der Wien","robots":{"index":"index","follow":"follow","max-snippet":"max-snippet:-1","max-image-preview":"max-image-preview:large","max-video-preview":"max-video-preview:-1"},"canonical":"https:\/\/www.praenatalzentrum.wien\/tr\/kuenye-bilgileri\/","og_locale":"tr_TR","og_type":"article","og_title":"K\u00fcnye bilgileri - Pr\u00e4natalzentrum an der Wien","og_url":"https:\/\/www.praenatalzentrum.wien\/tr\/kuenye-bilgileri\/","og_site_name":"Pr\u00e4natalzentrum an der Wien","article_modified_time":"2023-03-21T16:30:55+00:00","og_image":[{"width":1200,"height":620,"url":"https:\/\/www.praenatalzentrum.wien\/wp-content\/uploads\/2021\/05\/praenatalzentrum-an-der-wien-slider-maedchen-1.jpg","type":"image\/jpeg"}],"twitter_card":"summary_large_image","twitter_misc":{"Tahmini okuma s\u00fcresi":"4 dakika"},"schema":{"@context":"https:\/\/schema.org","@graph":[{"@type":"WebPage","@id":"https:\/\/www.praenatalzentrum.wien\/tr\/kuenye-bilgileri\/","url":"https:\/\/www.praenatalzentrum.wien\/tr\/kuenye-bilgileri\/","name":"K\u00fcnye bilgileri - Pr\u00e4natalzentrum an der Wien","isPartOf":{"@id":"https:\/\/www.praenatalzentrum.wien\/tr\/#website"},"datePublished":"2021-06-14T12:19:24+00:00","dateModified":"2023-03-21T16:30:55+00:00","breadcrumb":{"@id":"https:\/\/www.praenatalzentrum.wien\/tr\/kuenye-bilgileri\/#breadcrumb"},"inLanguage":"tr","potentialAction":[{"@type":"ReadAction","target":["https:\/\/www.praenatalzentrum.wien\/tr\/kuenye-bilgileri\/"]}]},{"@type":"BreadcrumbList","@id":"https:\/\/www.praenatalzentrum.wien\/tr\/kuenye-bilgileri\/#breadcrumb","itemListElement":[{"@type":"ListItem","position":1,"name":"Startseite","item":"https:\/\/www.praenatalzentrum.wien\/tr\/"},{"@type":"ListItem","position":2,"name":"K\u00fcnye bilgileri"}]},{"@type":"WebSite","@id":"https:\/\/www.praenatalzentrum.wien\/tr\/#website","url":"https:\/\/www.praenatalzentrum.wien\/tr\/","name":"Pr\u00e4natalzentrum an der Wien","description":"Pr\u00e4nataldiagnostik","publisher":{"@id":"https:\/\/www.praenatalzentrum.wien\/tr\/#organization"},"potentialAction":[{"@type":"SearchAction","target":{"@type":"EntryPoint","urlTemplate":"https:\/\/www.praenatalzentrum.wien\/tr\/?s={search_term_string}"},"query-input":{"@type":"PropertyValueSpecification","valueRequired":true,"valueName":"search_term_string"}}],"inLanguage":"tr"},{"@type":"Organization","@id":"https:\/\/www.praenatalzentrum.wien\/tr\/#organization","name":"Pr\u00e4natalzentrum an der Wien","url":"https:\/\/www.praenatalzentrum.wien\/tr\/","logo":{"@type":"ImageObject","inLanguage":"tr","@id":"https:\/\/www.praenatalzentrum.wien\/tr\/#\/schema\/logo\/image\/","url":"https:\/\/www.praenatalzentrum.wien\/wp-content\/uploads\/2020\/11\/Praenatalzentrum-Wien_Logo.png","contentUrl":"https:\/\/www.praenatalzentrum.wien\/wp-content\/uploads\/2020\/11\/Praenatalzentrum-Wien_Logo.png","width":476,"height":100,"caption":"Pr\u00e4natalzentrum an der Wien"},"image":{"@id":"https:\/\/www.praenatalzentrum.wien\/tr\/#\/schema\/logo\/image\/"}}]}},"_links":{"self":[{"href":"https:\/\/www.praenatalzentrum.wien\/tr\/wp-json\/wp\/v2\/pages\/10134","targetHints":{"allow":["GET"]}}],"collection":[{"href":"https:\/\/www.praenatalzentrum.wien\/tr\/wp-json\/wp\/v2\/pages"}],"about":[{"href":"https:\/\/www.praenatalzentrum.wien\/tr\/wp-json\/wp\/v2\/types\/page"}],"author":[{"embeddable":true,"href":"https:\/\/www.praenatalzentrum.wien\/tr\/wp-json\/wp\/v2\/users\/3"}],"replies":[{"embeddable":true,"href":"https:\/\/www.praenatalzentrum.wien\/tr\/wp-json\/wp\/v2\/comments?post=10134"}],"version-history":[{"count":11,"href":"https:\/\/www.praenatalzentrum.wien\/tr\/wp-json\/wp\/v2\/pages\/10134\/revisions"}],"predecessor-version":[{"id":14011,"href":"https:\/\/www.praenatalzentrum.wien\/tr\/wp-json\/wp\/v2\/pages\/10134\/revisions\/14011"}],"wp:attachment":[{"href":"https:\/\/www.praenatalzentrum.wien\/tr\/wp-json\/wp\/v2\/media?parent=10134"}],"curies":[{"name":"wp","href":"https:\/\/api.w.org\/{rel}","templated":true}]}}