{"id":16012,"date":"2025-12-15T16:32:53","date_gmt":"2025-12-15T15:32:53","guid":{"rendered":"https:\/\/www.praenatalzentrum.wien\/%d0%bc%d0%b0%d0%bd%d1%83%d1%80%d0%b8%d1%88%d0%b8-%d0%bd%d0%b0%d0%bd%d0%b4%d0%b0\/"},"modified":"2026-01-08T12:32:55","modified_gmt":"2026-01-08T11:32:55","slug":"%d0%bc%d0%b0%d0%bd%d1%83%d1%80%d0%b8%d1%88%d0%b8-%d0%bd%d0%b0%d0%bd%d0%b4%d0%b0","status":"publish","type":"page","link":"https:\/\/www.praenatalzentrum.wien\/ru\/%d0%bc%d0%b0%d0%bd%d1%83%d1%80%d0%b8%d1%88%d0%b8-%d0%bd%d0%b0%d0%bd%d0%b4%d0%b0\/","title":{"rendered":"\u041c\u0430\u043d\u0443\u0440\u0438\u0448\u0438 \u041d\u0430\u043d\u0434\u0430"},"content":{"rendered":"<section class=\"l-section wpb_row height_custom\"><div class=\"l-section-h i-cf\"><div class=\"g-cols vc_row via_flex valign_top type_default stacking_default\"><div class=\"vc_col-sm-6 wpb_column vc_column_container\"><div class=\"vc_column-inner\"><div class=\"wpb_wrapper\"><div class=\"wpb_text_column\"><div class=\"wpb_wrapper\"><h1>\u0414\u043e\u043a\u0442\u043e\u0440 \u041c\u0430\u043d\u0443\u0440\u0438\u0448\u0438 \u041d\u0430\u043d\u0434\u0430<\/h1>\n<ul>\n<li>\u0412\u0440\u0430\u0447-\u0441\u043f\u0435\u0446\u0438\u0430\u043b\u0438\u0441\u0442 \u0432 \u043e\u0431\u043b\u0430\u0441\u0442\u0438 \u0430\u043a\u0443\u0448\u0435\u0440\u0441\u0442\u0432\u0430 \u0438 \u0433\u0438\u043d\u0435\u043a\u043e\u043b\u043e\u0433\u0438\u0438<\/li>\n<li>\u0414\u0438\u043f\u043b\u043e\u043c \u043f\u043e \u0444\u0435\u0442\u0430\u043b\u044c\u043d\u043e\u0439 \u043c\u0435\u0434\u0438\u0446\u0438\u043d\u0435, \u0424\u043e\u043d\u0434 \u0444\u0435\u0442\u0430\u043b\u044c\u043d\u043e\u0439 \u043c\u0435\u0434\u0438\u0446\u0438\u043d\u044b, \u041b\u043e\u043d\u0434\u043e\u043d<\/li>\n<li>\u0421\u0435\u0440\u0442\u0438\u0444\u0438\u043a\u0430\u0442 I-\u0439 \u0441\u0442\u0443\u043f\u0435\u043d\u0438 \u0410\u0432\u0441\u0442\u0440\u0438\u0439\u0441\u043a\u043e\u0433\u043e \u043e\u0431\u0449\u0435\u0441\u0442\u0432\u0430 \u0443\u043b\u044c\u0442\u0440\u0430\u0437\u0432\u0443\u043a\u043e\u0432\u043e\u0439 \u0434\u0438\u0430\u0433\u043d\u043e\u0441\u0442\u0438\u043a\u0438 \u0432 \u043c\u0435\u0434\u0438\u0446\u0438\u043d\u0435 (\u00d6GUM I)<\/li>\n<\/ul>\n<p><strong>\u0421\u043f\u0435\u0446\u0438\u0430\u043b\u0438\u0437\u0430\u0446\u0438\u044f:<\/strong><\/p>\n<ul>\n<li>\u041f\u0440\u0435\u043d\u0430\u0442\u0430\u043b\u044c\u043d\u0430\u044f \u0434\u0438\u0430\u0433\u043d\u043e\u0441\u0442\u0438\u043a\u0430<\/li>\n<\/ul>\n<p><strong>\u042f\u0437\u044b\u043a\u0438:<\/strong> \u041d\u0435\u043c\u0435\u0446\u043a\u0438\u0439, \u0430\u043d\u0433\u043b\u0438\u0439\u0441\u043a\u0438\u0439, \u0445\u0438\u043d\u0434\u0438<\/p>\n<\/div><\/div><\/div><\/div><\/div><div class=\"vc_col-sm-6 wpb_column vc_column_container\"><div class=\"vc_column-inner\"><div class=\"wpb_wrapper\"><div class=\"w-image zoombild has_ratio align_right\"><div class=\"w-image-h\"><div style=\"padding-bottom:100%\"><\/div><img decoding=\"async\" width=\"472\" height=\"472\" src=\"https:\/\/www.praenatalzentrum.wien\/wp-content\/uploads\/2025\/12\/F_Manurishi-Nanda_quadratisch.jpg\" class=\"attachment-full size-full\" alt=\"Dr. Manurishi Nanda\" loading=\"lazy\" \/><\/div><\/div><\/div><\/div><\/div><\/div><\/div><\/section><section class=\"l-section wpb_row height_custom color_alternate\"><div class=\"l-section-h i-cf\"><div class=\"g-cols vc_row via_flex valign_top type_default stacking_default\"><div class=\"vc_col-sm-12 wpb_column vc_column_container\"><div class=\"vc_column-inner\"><div class=\"wpb_wrapper\"><div class=\"wpb_text_column\"><div class=\"wpb_wrapper\"><h3>Lebenslauf<\/h3>\n<p><strong>Ausbildungen<\/strong><\/p>\n<ul class=\"linksunterstrichen\">\n<li>Research Fellow der Fetal Medicine Foundation am Harris Birthright Research Centre, Kings College Hospital London (2023 \u2013 2025)<\/li>\n<li>Facharztausbildung f\u00fcr Gyn\u00e4kologie und Geburtshilfe in der Schweiz (Kantonspital M\u00fcnsterlingen) und in \u00d6sterreich (Medizinische Universit\u00e4t Graz (2018-23)<\/li>\n<li>Studium der Humanmedizin an der Medizinischen Universit\u00e4t Graz (2011\u20132017)<\/li>\n<\/ul>\n<p><strong>Berufliche Erfahrungen<\/strong><\/p>\n<ul>\n<li>Research Fellow am Harris Birthright Centre, King\u2019s College Hospital London \/ NHS (2023 \u2013 2025)<\/li>\n<li>Assistenzarzt f\u00fcr Gyn\u00e4kologie und Geburtshilfe an der Medizinische Universit\u00e4t Graz, Abteilung f\u00fcr Gyn\u00e4kologie und Geburtshilfe (2019\u20132023)<\/li>\n<li>Assistenzarzt f\u00fcr Gyn\u00e4kologie und Geburtshilfe am Kantonspital M\u00fcnsterlingen, Abteilung f\u00fcr Gyn\u00e4kologie und Geburtshilfe (2018\u20132019)<\/li>\n<\/ul>\n<p><strong>Postpromotionelle Ausbildungen<\/strong><\/p>\n<ul>\n<li>Fetal Medicine FMF Diploma Holder, Fetal Medicine Foundation London (2025)<\/li>\n<li>Forschungs- und wissenschaftliche Zusammenarbeit mit der Fetal Medicine Foundation (Prof. Kypros Nicolaides) im Bereich Pr\u00e4eklampsie, Wachstumsrestriktion und Ultraschalldiagnostik<\/li>\n<li>Zahlreiche Fortbildungen \u2013 u. a.:\n<ul>\n<li>FMF Advanced Course London 2022, 2023, 2024 &amp; 2025<\/li>\n<li>FMF World Congress 2022 (Kreta), 2023 (Valencia), 2024 (Lissabon), 2025 (Prag)<\/li>\n<li>ISUOG-Kongress 2020<\/li>\n<li>Notfallkurse Gyn\u00e4kologie\/Geburtshilfe (Graz, Bern)<\/li>\n<\/ul>\n<\/li>\n<\/ul>\n<p><strong>Fachspezifische Zusatzqualifikationen in der Pr\u00e4nataldiagnostik<\/strong><\/p>\n<ul>\n<li>FMF First Trimester Screening Zertifikat<\/li>\n<li>Diploma of Fetal Medicine, Fetal Medicine Foundation London<\/li>\n<li>Intensivfortbildungen zu Pr\u00e4eklampsie-Screening, Dopplersonographie, FGR, Anomaliediagnostik<\/li>\n<li>Laufende wissenschaftliche Kooperationen mit Prof. Nicolaides im Bereich Pr\u00e4eklampsie<\/li>\n<li>Regelm\u00e4\u00dfige Teilnahme an FMF zur Qualit\u00e4tssicherung<\/li>\n<li>Psychosomatische &amp; psychosoziale Basisausbildung in Gyn\u00e4kologie und Geburtshilfe<\/li>\n<\/ul>\n<p><strong>Wissenschaftliche T\u00e4tigkeit, Vortr\u00e4ge &amp; Lehre<\/strong><\/p>\n<ul>\n<li>Wissenschaftliche Kooperation und Ultraschall-Lehre am Holy Family Hospital Techiman (Ghana) in Zusammenarbeit mit FMF und Medical Support in Partnership (2023, 2025)<\/li>\n<li>Fachvortr\u00e4ge u. a. zu:\n<ul>\n<li>Pr\u00e4eklampsie (PD Mayer-Pickel)<\/li>\n<li>Antiphospholipid-Syndrom<\/li>\n<\/ul>\n<\/li>\n<li>Posterpreis der \u00d6GGG (2021): \u201eLow dose aspirin in the prevention of preeclampsia\u201c<\/li>\n<\/ul>\n<p><strong>Publikationen<\/strong><\/p>\n<ul class=\"linksunterstrichen\">\n<li>Routine 36-week scan: prediction of small-for-gestational-age neonate.<br \/>\nAdjahou S, Syngelaki A, <strong>Nanda M<\/strong>, Papavasileiou D, Akolekar R, Nicolaides KH. Ultrasound Obstet Gynecol. 2025 Jan;65(1):20-29<\/li>\n<li>Maternal Vascular Adaptation in High-Risk Pregnancies: Effects of Early Smoking Cessation on Hemodynamic and Endothelial Function.<br \/>\nKutllovci Hasani K, Cervar-Zivkovic M, Hiden U, Salo\u0148 A, <strong>Nanda M<\/strong>, Steuber B, Eberhard K, De Boever P, Stern C, Mayer-Pickel K, Goswami N.; Int J Mol Sci. 2025 Jun 16;26(12):5781<\/li>\n<li>Preeclampsia and the Antiphospholipid Syndrome.<br \/>\nMayer-Pickel K, <strong>Nanda M<\/strong>, Gajic M, Cervar-Zivkovic M.; Biomedicines. 2023 Aug 18;11(8):2298<\/li>\n<li>Low Dose Aspirin in high-risk pregnancies: The volatile effect of acetylsalicylic acid on the inhibition of platelets uncovered by G. Born&#8217;s light transmission aggregometry.<\/li>\n<li>Stern C, Mayer-Pickel K, Weiss EC, Kutllovci-Hasani K, <strong>Nanda M<\/strong>, Eberhard K, Cervar-Zivkovic M, Pr\u00fcller F<br \/>\nJ Reprod Immunol. 2021 Jun;145:103320<\/li>\n<\/ul>\n<\/div><\/div><\/div><\/div><\/div><\/div><\/div><\/section>\n","protected":false},"excerpt":{"rendered":"\u0414\u043e\u043a\u0442\u043e\u0440 \u041c\u0430\u043d\u0443\u0440\u0438\u0448\u0438 \u041d\u0430\u043d\u0434\u0430 \u0412\u0440\u0430\u0447-\u0441\u043f\u0435\u0446\u0438\u0430\u043b\u0438\u0441\u0442 \u0432 \u043e\u0431\u043b\u0430\u0441\u0442\u0438 \u0430\u043a\u0443\u0448\u0435\u0440\u0441\u0442\u0432\u0430 \u0438 \u0433\u0438\u043d\u0435\u043a\u043e\u043b\u043e\u0433\u0438\u0438 \u0414\u0438\u043f\u043b\u043e\u043c \u043f\u043e \u0444\u0435\u0442\u0430\u043b\u044c\u043d\u043e\u0439 \u043c\u0435\u0434\u0438\u0446\u0438\u043d\u0435, \u0424\u043e\u043d\u0434 \u0444\u0435\u0442\u0430\u043b\u044c\u043d\u043e\u0439 \u043c\u0435\u0434\u0438\u0446\u0438\u043d\u044b, \u041b\u043e\u043d\u0434\u043e\u043d \u0421\u0435\u0440\u0442\u0438\u0444\u0438\u043a\u0430\u0442 I-\u0439 \u0441\u0442\u0443\u043f\u0435\u043d\u0438 \u0410\u0432\u0441\u0442\u0440\u0438\u0439\u0441\u043a\u043e\u0433\u043e \u043e\u0431\u0449\u0435\u0441\u0442\u0432\u0430 \u0443\u043b\u044c\u0442\u0440\u0430\u0437\u0432\u0443\u043a\u043e\u0432\u043e\u0439 \u0434\u0438\u0430\u0433\u043d\u043e\u0441\u0442\u0438\u043a\u0438 \u0432 \u043c\u0435\u0434\u0438\u0446\u0438\u043d\u0435 (\u00d6GUM I) \u0421\u043f\u0435\u0446\u0438\u0430\u043b\u0438\u0437\u0430\u0446\u0438\u044f: \u041f\u0440\u0435\u043d\u0430\u0442\u0430\u043b\u044c\u043d\u0430\u044f \u0434\u0438\u0430\u0433\u043d\u043e\u0441\u0442\u0438\u043a\u0430 \u042f\u0437\u044b\u043a\u0438: \u041d\u0435\u043c\u0435\u0446\u043a\u0438\u0439, \u0430\u043d\u0433\u043b\u0438\u0439\u0441\u043a\u0438\u0439, \u0445\u0438\u043d\u0434\u0438 Lebenslauf Ausbildungen Research Fellow der Fetal Medicine Foundation am Harris Birthright Research Centre, Kings College Hospital London (2023 \u2013 2025)...","protected":false},"author":2,"featured_media":0,"parent":0,"menu_order":0,"comment_status":"closed","ping_status":"closed","template":"","meta":{"footnotes":""},"class_list":["post-16012","page","type-page","status-publish","hentry"],"yoast_head":"<!-- This site is optimized with the Yoast SEO plugin v27.6 - https:\/\/yoast.com\/product\/yoast-seo-wordpress\/ -->\n<title>\u041c\u0430\u043d\u0443\u0440\u0438\u0448\u0438 \u041d\u0430\u043d\u0434\u0430 - Pr\u00e4natalzentrum an der Wien<\/title>\n<meta name=\"robots\" content=\"index, follow, max-snippet:-1, max-image-preview:large, max-video-preview:-1\" \/>\n<link rel=\"canonical\" href=\"https:\/\/www.praenatalzentrum.wien\/ru\/%d0%bc%d0%b0%d0%bd%d1%83%d1%80%d0%b8%d1%88%d0%b8-%d0%bd%d0%b0%d0%bd%d0%b4%d0%b0\/\" \/>\n<meta property=\"og:locale\" content=\"ru_RU\" \/>\n<meta property=\"og:type\" content=\"article\" \/>\n<meta property=\"og:title\" content=\"\u041c\u0430\u043d\u0443\u0440\u0438\u0448\u0438 \u041d\u0430\u043d\u0434\u0430 - Pr\u00e4natalzentrum an der Wien\" \/>\n<meta property=\"og:url\" content=\"https:\/\/www.praenatalzentrum.wien\/ru\/%d0%bc%d0%b0%d0%bd%d1%83%d1%80%d0%b8%d1%88%d0%b8-%d0%bd%d0%b0%d0%bd%d0%b4%d0%b0\/\" \/>\n<meta property=\"og:site_name\" content=\"Pr\u00e4natalzentrum an der Wien\" \/>\n<meta property=\"article:modified_time\" content=\"2026-01-08T11:32:55+00:00\" \/>\n<meta property=\"og:image\" content=\"https:\/\/www.praenatalzentrum.wien\/wp-content\/uploads\/2021\/05\/praenatalzentrum-an-der-wien-slider-maedchen-1.jpg\" \/>\n\t<meta property=\"og:image:width\" content=\"1200\" \/>\n\t<meta property=\"og:image:height\" content=\"620\" \/>\n\t<meta property=\"og:image:type\" content=\"image\/jpeg\" \/>\n<meta name=\"twitter:card\" content=\"summary_large_image\" \/>\n<meta name=\"twitter:label1\" content=\"\u041f\u0440\u0438\u043c\u0435\u0440\u043d\u043e\u0435 \u0432\u0440\u0435\u043c\u044f \u0434\u043b\u044f \u0447\u0442\u0435\u043d\u0438\u044f\" \/>\n\t<meta name=\"twitter:data1\" content=\"3 \u043c\u0438\u043d\u0443\u0442\u044b\" \/>\n<script type=\"application\/ld+json\" class=\"yoast-schema-graph\">{\"@context\":\"https:\\\/\\\/schema.org\",\"@graph\":[{\"@type\":\"WebPage\",\"@id\":\"https:\\\/\\\/www.praenatalzentrum.wien\\\/ru\\\/%d0%bc%d0%b0%d0%bd%d1%83%d1%80%d0%b8%d1%88%d0%b8-%d0%bd%d0%b0%d0%bd%d0%b4%d0%b0\\\/\",\"url\":\"https:\\\/\\\/www.praenatalzentrum.wien\\\/ru\\\/%d0%bc%d0%b0%d0%bd%d1%83%d1%80%d0%b8%d1%88%d0%b8-%d0%bd%d0%b0%d0%bd%d0%b4%d0%b0\\\/\",\"name\":\"\u041c\u0430\u043d\u0443\u0440\u0438\u0448\u0438 \u041d\u0430\u043d\u0434\u0430 - Pr\u00e4natalzentrum an der Wien\",\"isPartOf\":{\"@id\":\"https:\\\/\\\/www.praenatalzentrum.wien\\\/ru\\\/#website\"},\"datePublished\":\"2025-12-15T15:32:53+00:00\",\"dateModified\":\"2026-01-08T11:32:55+00:00\",\"breadcrumb\":{\"@id\":\"https:\\\/\\\/www.praenatalzentrum.wien\\\/ru\\\/%d0%bc%d0%b0%d0%bd%d1%83%d1%80%d0%b8%d1%88%d0%b8-%d0%bd%d0%b0%d0%bd%d0%b4%d0%b0\\\/#breadcrumb\"},\"inLanguage\":\"ru-RU\",\"potentialAction\":[{\"@type\":\"ReadAction\",\"target\":[\"https:\\\/\\\/www.praenatalzentrum.wien\\\/ru\\\/%d0%bc%d0%b0%d0%bd%d1%83%d1%80%d0%b8%d1%88%d0%b8-%d0%bd%d0%b0%d0%bd%d0%b4%d0%b0\\\/\"]}]},{\"@type\":\"BreadcrumbList\",\"@id\":\"https:\\\/\\\/www.praenatalzentrum.wien\\\/ru\\\/%d0%bc%d0%b0%d0%bd%d1%83%d1%80%d0%b8%d1%88%d0%b8-%d0%bd%d0%b0%d0%bd%d0%b4%d0%b0\\\/#breadcrumb\",\"itemListElement\":[{\"@type\":\"ListItem\",\"position\":1,\"name\":\"Startseite\",\"item\":\"https:\\\/\\\/www.praenatalzentrum.wien\\\/ru\\\/\"},{\"@type\":\"ListItem\",\"position\":2,\"name\":\"\u041c\u0430\u043d\u0443\u0440\u0438\u0448\u0438 \u041d\u0430\u043d\u0434\u0430\"}]},{\"@type\":\"WebSite\",\"@id\":\"https:\\\/\\\/www.praenatalzentrum.wien\\\/ru\\\/#website\",\"url\":\"https:\\\/\\\/www.praenatalzentrum.wien\\\/ru\\\/\",\"name\":\"Pr\u00e4natalzentrum an der Wien\",\"description\":\"Pr\u00e4nataldiagnostik\",\"publisher\":{\"@id\":\"https:\\\/\\\/www.praenatalzentrum.wien\\\/ru\\\/#organization\"},\"potentialAction\":[{\"@type\":\"SearchAction\",\"target\":{\"@type\":\"EntryPoint\",\"urlTemplate\":\"https:\\\/\\\/www.praenatalzentrum.wien\\\/ru\\\/?s={search_term_string}\"},\"query-input\":{\"@type\":\"PropertyValueSpecification\",\"valueRequired\":true,\"valueName\":\"search_term_string\"}}],\"inLanguage\":\"ru-RU\"},{\"@type\":\"Organization\",\"@id\":\"https:\\\/\\\/www.praenatalzentrum.wien\\\/ru\\\/#organization\",\"name\":\"Pr\u00e4natalzentrum an der Wien\",\"url\":\"https:\\\/\\\/www.praenatalzentrum.wien\\\/ru\\\/\",\"logo\":{\"@type\":\"ImageObject\",\"inLanguage\":\"ru-RU\",\"@id\":\"https:\\\/\\\/www.praenatalzentrum.wien\\\/ru\\\/#\\\/schema\\\/logo\\\/image\\\/\",\"url\":\"https:\\\/\\\/www.praenatalzentrum.wien\\\/wp-content\\\/uploads\\\/2020\\\/11\\\/Praenatalzentrum-Wien_Logo.png\",\"contentUrl\":\"https:\\\/\\\/www.praenatalzentrum.wien\\\/wp-content\\\/uploads\\\/2020\\\/11\\\/Praenatalzentrum-Wien_Logo.png\",\"width\":476,\"height\":100,\"caption\":\"Pr\u00e4natalzentrum an der Wien\"},\"image\":{\"@id\":\"https:\\\/\\\/www.praenatalzentrum.wien\\\/ru\\\/#\\\/schema\\\/logo\\\/image\\\/\"}}]}<\/script>\n<!-- \/ Yoast SEO plugin. -->","yoast_head_json":{"title":"\u041c\u0430\u043d\u0443\u0440\u0438\u0448\u0438 \u041d\u0430\u043d\u0434\u0430 - Pr\u00e4natalzentrum an der Wien","robots":{"index":"index","follow":"follow","max-snippet":"max-snippet:-1","max-image-preview":"max-image-preview:large","max-video-preview":"max-video-preview:-1"},"canonical":"https:\/\/www.praenatalzentrum.wien\/ru\/%d0%bc%d0%b0%d0%bd%d1%83%d1%80%d0%b8%d1%88%d0%b8-%d0%bd%d0%b0%d0%bd%d0%b4%d0%b0\/","og_locale":"ru_RU","og_type":"article","og_title":"\u041c\u0430\u043d\u0443\u0440\u0438\u0448\u0438 \u041d\u0430\u043d\u0434\u0430 - Pr\u00e4natalzentrum an der Wien","og_url":"https:\/\/www.praenatalzentrum.wien\/ru\/%d0%bc%d0%b0%d0%bd%d1%83%d1%80%d0%b8%d1%88%d0%b8-%d0%bd%d0%b0%d0%bd%d0%b4%d0%b0\/","og_site_name":"Pr\u00e4natalzentrum an der Wien","article_modified_time":"2026-01-08T11:32:55+00:00","og_image":[{"width":1200,"height":620,"url":"https:\/\/www.praenatalzentrum.wien\/wp-content\/uploads\/2021\/05\/praenatalzentrum-an-der-wien-slider-maedchen-1.jpg","type":"image\/jpeg"}],"twitter_card":"summary_large_image","twitter_misc":{"\u041f\u0440\u0438\u043c\u0435\u0440\u043d\u043e\u0435 \u0432\u0440\u0435\u043c\u044f \u0434\u043b\u044f \u0447\u0442\u0435\u043d\u0438\u044f":"3 \u043c\u0438\u043d\u0443\u0442\u044b"},"schema":{"@context":"https:\/\/schema.org","@graph":[{"@type":"WebPage","@id":"https:\/\/www.praenatalzentrum.wien\/ru\/%d0%bc%d0%b0%d0%bd%d1%83%d1%80%d0%b8%d1%88%d0%b8-%d0%bd%d0%b0%d0%bd%d0%b4%d0%b0\/","url":"https:\/\/www.praenatalzentrum.wien\/ru\/%d0%bc%d0%b0%d0%bd%d1%83%d1%80%d0%b8%d1%88%d0%b8-%d0%bd%d0%b0%d0%bd%d0%b4%d0%b0\/","name":"\u041c\u0430\u043d\u0443\u0440\u0438\u0448\u0438 \u041d\u0430\u043d\u0434\u0430 - Pr\u00e4natalzentrum an der Wien","isPartOf":{"@id":"https:\/\/www.praenatalzentrum.wien\/ru\/#website"},"datePublished":"2025-12-15T15:32:53+00:00","dateModified":"2026-01-08T11:32:55+00:00","breadcrumb":{"@id":"https:\/\/www.praenatalzentrum.wien\/ru\/%d0%bc%d0%b0%d0%bd%d1%83%d1%80%d0%b8%d1%88%d0%b8-%d0%bd%d0%b0%d0%bd%d0%b4%d0%b0\/#breadcrumb"},"inLanguage":"ru-RU","potentialAction":[{"@type":"ReadAction","target":["https:\/\/www.praenatalzentrum.wien\/ru\/%d0%bc%d0%b0%d0%bd%d1%83%d1%80%d0%b8%d1%88%d0%b8-%d0%bd%d0%b0%d0%bd%d0%b4%d0%b0\/"]}]},{"@type":"BreadcrumbList","@id":"https:\/\/www.praenatalzentrum.wien\/ru\/%d0%bc%d0%b0%d0%bd%d1%83%d1%80%d0%b8%d1%88%d0%b8-%d0%bd%d0%b0%d0%bd%d0%b4%d0%b0\/#breadcrumb","itemListElement":[{"@type":"ListItem","position":1,"name":"Startseite","item":"https:\/\/www.praenatalzentrum.wien\/ru\/"},{"@type":"ListItem","position":2,"name":"\u041c\u0430\u043d\u0443\u0440\u0438\u0448\u0438 \u041d\u0430\u043d\u0434\u0430"}]},{"@type":"WebSite","@id":"https:\/\/www.praenatalzentrum.wien\/ru\/#website","url":"https:\/\/www.praenatalzentrum.wien\/ru\/","name":"Pr\u00e4natalzentrum an der Wien","description":"Pr\u00e4nataldiagnostik","publisher":{"@id":"https:\/\/www.praenatalzentrum.wien\/ru\/#organization"},"potentialAction":[{"@type":"SearchAction","target":{"@type":"EntryPoint","urlTemplate":"https:\/\/www.praenatalzentrum.wien\/ru\/?s={search_term_string}"},"query-input":{"@type":"PropertyValueSpecification","valueRequired":true,"valueName":"search_term_string"}}],"inLanguage":"ru-RU"},{"@type":"Organization","@id":"https:\/\/www.praenatalzentrum.wien\/ru\/#organization","name":"Pr\u00e4natalzentrum an der Wien","url":"https:\/\/www.praenatalzentrum.wien\/ru\/","logo":{"@type":"ImageObject","inLanguage":"ru-RU","@id":"https:\/\/www.praenatalzentrum.wien\/ru\/#\/schema\/logo\/image\/","url":"https:\/\/www.praenatalzentrum.wien\/wp-content\/uploads\/2020\/11\/Praenatalzentrum-Wien_Logo.png","contentUrl":"https:\/\/www.praenatalzentrum.wien\/wp-content\/uploads\/2020\/11\/Praenatalzentrum-Wien_Logo.png","width":476,"height":100,"caption":"Pr\u00e4natalzentrum an der Wien"},"image":{"@id":"https:\/\/www.praenatalzentrum.wien\/ru\/#\/schema\/logo\/image\/"}}]}},"_links":{"self":[{"href":"https:\/\/www.praenatalzentrum.wien\/ru\/wp-json\/wp\/v2\/pages\/16012","targetHints":{"allow":["GET"]}}],"collection":[{"href":"https:\/\/www.praenatalzentrum.wien\/ru\/wp-json\/wp\/v2\/pages"}],"about":[{"href":"https:\/\/www.praenatalzentrum.wien\/ru\/wp-json\/wp\/v2\/types\/page"}],"author":[{"embeddable":true,"href":"https:\/\/www.praenatalzentrum.wien\/ru\/wp-json\/wp\/v2\/users\/2"}],"replies":[{"embeddable":true,"href":"https:\/\/www.praenatalzentrum.wien\/ru\/wp-json\/wp\/v2\/comments?post=16012"}],"version-history":[{"count":6,"href":"https:\/\/www.praenatalzentrum.wien\/ru\/wp-json\/wp\/v2\/pages\/16012\/revisions"}],"predecessor-version":[{"id":16089,"href":"https:\/\/www.praenatalzentrum.wien\/ru\/wp-json\/wp\/v2\/pages\/16012\/revisions\/16089"}],"wp:attachment":[{"href":"https:\/\/www.praenatalzentrum.wien\/ru\/wp-json\/wp\/v2\/media?parent=16012"}],"curies":[{"name":"wp","href":"https:\/\/api.w.org\/{rel}","templated":true}]}}