{"id":14103,"date":"2023-06-15T14:58:27","date_gmt":"2023-06-15T12:58:27","guid":{"rendered":""},"modified":"2025-08-07T19:04:22","modified_gmt":"2025-08-07T17:04:22","slug":"%d0%b4%d0%be%d0%ba%d1%82%d0%be%d1%80-%d0%b2%d0%b8%d0%ba%d1%82%d0%be%d1%80%d0%b8%d1%8f-%d1%86%d0%b2%d0%b5%d1%86%d0%b1%d0%b0%d1%85%d0%b5%d1%80-2","status":"publish","type":"page","link":"https:\/\/www.praenatalzentrum.wien\/ru\/%d0%bc%d1%8b-%d0%b2%d1%81%d0%b5%d0%b3%d0%b4%d0%b0-%d0%ba-%d0%b2%d0%b0%d1%88%d0%b8%d0%bc-%d1%83%d1%81%d0%bb%d1%83%d0%b3%d0%b0%d0%bc\/%d0%b4%d0%be%d0%ba%d1%82%d0%be%d1%80-%d0%b2%d0%b8%d0%ba%d1%82%d0%be%d1%80%d0%b8%d1%8f-%d1%86%d0%b2%d0%b5%d1%86%d0%b1%d0%b0%d1%85%d0%b5%d1%80-2\/","title":{"rendered":"\u0414\u043e\u043a\u0442\u043e\u0440 \u0412\u0438\u043a\u0442\u043e\u0440\u0438\u044f \u0426\u0432\u0435\u0446\u0431\u0430\u0445\u0435\u0440"},"content":{"rendered":"<section class=\"l-section wpb_row height_custom\"><div class=\"l-section-h i-cf\"><div class=\"g-cols vc_row via_flex valign_top type_default stacking_default\"><div class=\"vc_col-sm-6 wpb_column vc_column_container\"><div class=\"vc_column-inner\"><div class=\"wpb_wrapper\"><div class=\"wpb_text_column\"><div class=\"wpb_wrapper\"><h1>\u0414\u043e\u043a\u0442\u043e\u0440 \u0412\u0438\u043a\u0442\u043e\u0440\u0438\u044f \u0426\u0432\u0435\u0446\u0431\u0430\u0445\u0435\u0440<\/h1>\n<ul>\n<li>\u0412\u0440\u0430\u0447-\u0441\u043f\u0435\u0446\u0438\u0430\u043b\u0438\u0441\u0442 \u0432 \u043e\u0431\u043b\u0430\u0441\u0442\u0438 \u0430\u043a\u0443\u0448\u0435\u0440\u0441\u0442\u0432\u0430 \u0438 \u0433\u0438\u043d\u0435\u043a\u043e\u043b\u043e\u0433\u0438\u0438<\/li>\n<li>\u0421\u0435\u0440\u0442\u0438\u0444\u0438\u043a\u0430\u0442 II-\u0439 \u0441\u0442\u0443\u043f\u0435\u043d\u0438 \u0410\u0432\u0441\u0442\u0440\u0438\u0439\u0441\u043a\u043e\u0433\u043e \u043e\u0431\u0449\u0435\u0441\u0442\u0432\u0430 \u0443\u043b\u044c\u0442\u0440\u0430\u0437\u0432\u0443\u043a\u043e\u0432\u043e\u0439 \u0434\u0438\u0430\u0433\u043d\u043e\u0441\u0442\u0438\u043a\u0438 \u0432 \u043c\u0435\u0434\u0438\u0446\u0438\u043d\u0435 (\u00d6GUM II)<\/li>\n<\/ul>\n<p><strong>\u0421\u043f\u0435\u0446\u0438\u0430\u043b\u0438\u0437\u0430\u0446\u0438\u044f<\/strong>:<\/p>\n<ul>\n<li>\u041f\u0440\u0435\u043d\u0430\u0442\u0430\u043b\u044c\u043d\u0430\u044f \u0434\u0438\u0430\u0433\u043d\u043e\u0441\u0442\u0438\u043a\u0430<\/li>\n<\/ul>\n<p><strong>\u042f\u0437\u044b\u043a\u0438:<\/strong> \u041d\u0435\u043c\u0435\u0446\u043a\u0438\u0439, \u0430\u043d\u0433\u043b\u0438\u0439\u0441\u043a\u0438\u0439, \u0438\u0441\u043f\u0430\u043d\u0438\u044f<\/p>\n<\/div><\/div><\/div><\/div><\/div><div class=\"vc_col-sm-6 wpb_column vc_column_container\"><div class=\"vc_column-inner\"><div class=\"wpb_wrapper\"><div class=\"w-image zoombild has_ratio align_right\"><div class=\"w-image-h\"><div style=\"padding-bottom:100%\"><\/div><img decoding=\"async\" width=\"670\" height=\"668\" src=\"https:\/\/www.praenatalzentrum.wien\/wp-content\/uploads\/2023\/06\/F_VZweckbacher-1.jpg\" class=\"attachment-full size-full\" alt=\"Dr. Viktoria Zwetzbacher, Fach\u00e4rztin f\u00fcr Gyn\u00e4kologie und Geburtshilfe\" loading=\"lazy\" \/><\/div><\/div><\/div><\/div><\/div><\/div><\/div><\/section>\n","protected":false},"excerpt":{"rendered":"\u0414\u043e\u043a\u0442\u043e\u0440 \u0412\u0438\u043a\u0442\u043e\u0440\u0438\u044f \u0426\u0432\u0435\u0446\u0431\u0430\u0445\u0435\u0440 \u0412\u0440\u0430\u0447-\u0441\u043f\u0435\u0446\u0438\u0430\u043b\u0438\u0441\u0442 \u0432 \u043e\u0431\u043b\u0430\u0441\u0442\u0438 \u0430\u043a\u0443\u0448\u0435\u0440\u0441\u0442\u0432\u0430 \u0438 \u0433\u0438\u043d\u0435\u043a\u043e\u043b\u043e\u0433\u0438\u0438 \u0421\u0435\u0440\u0442\u0438\u0444\u0438\u043a\u0430\u0442 II-\u0439 \u0441\u0442\u0443\u043f\u0435\u043d\u0438 \u0410\u0432\u0441\u0442\u0440\u0438\u0439\u0441\u043a\u043e\u0433\u043e \u043e\u0431\u0449\u0435\u0441\u0442\u0432\u0430 \u0443\u043b\u044c\u0442\u0440\u0430\u0437\u0432\u0443\u043a\u043e\u0432\u043e\u0439 \u0434\u0438\u0430\u0433\u043d\u043e\u0441\u0442\u0438\u043a\u0438 \u0432 \u043c\u0435\u0434\u0438\u0446\u0438\u043d\u0435 (\u00d6GUM II) \u0421\u043f\u0435\u0446\u0438\u0430\u043b\u0438\u0437\u0430\u0446\u0438\u044f: \u041f\u0440\u0435\u043d\u0430\u0442\u0430\u043b\u044c\u043d\u0430\u044f \u0434\u0438\u0430\u0433\u043d\u043e\u0441\u0442\u0438\u043a\u0430 \u042f\u0437\u044b\u043a\u0438: \u041d\u0435\u043c\u0435\u0446\u043a\u0438\u0439, \u0430\u043d\u0433\u043b\u0438\u0439\u0441\u043a\u0438\u0439, \u0438\u0441\u043f\u0430\u043d\u0438\u044f","protected":false},"author":2,"featured_media":0,"parent":10785,"menu_order":0,"comment_status":"closed","ping_status":"closed","template":"","meta":{"footnotes":""},"class_list":["post-14103","page","type-page","status-publish","hentry"],"yoast_head":"<!-- This site is optimized with the Yoast SEO plugin v27.4 - https:\/\/yoast.com\/product\/yoast-seo-wordpress\/ -->\n<title>\u0414\u043e\u043a\u0442\u043e\u0440 \u0412\u0438\u043a\u0442\u043e\u0440\u0438\u044f \u0426\u0432\u0435\u0446\u0431\u0430\u0445\u0435\u0440 - Pr\u00e4natalzentrum an der Wien<\/title>\n<meta name=\"robots\" content=\"index, follow, max-snippet:-1, max-image-preview:large, max-video-preview:-1\" \/>\n<link rel=\"canonical\" href=\"https:\/\/www.praenatalzentrum.wien\/ru\/%d0%bc%d1%8b-%d0%b2%d1%81%d0%b5%d0%b3%d0%b4%d0%b0-%d0%ba-%d0%b2%d0%b0%d1%88%d0%b8%d0%bc-%d1%83%d1%81%d0%bb%d1%83%d0%b3%d0%b0%d0%bc\/%d0%b4%d0%be%d0%ba%d1%82%d0%be%d1%80-%d0%b2%d0%b8%d0%ba%d1%82%d0%be%d1%80%d0%b8%d1%8f-%d1%86%d0%b2%d0%b5%d1%86%d0%b1%d0%b0%d1%85%d0%b5%d1%80-2\/\" \/>\n<meta property=\"og:locale\" content=\"ru_RU\" \/>\n<meta property=\"og:type\" content=\"article\" \/>\n<meta property=\"og:title\" content=\"\u0414\u043e\u043a\u0442\u043e\u0440 \u0412\u0438\u043a\u0442\u043e\u0440\u0438\u044f \u0426\u0432\u0435\u0446\u0431\u0430\u0445\u0435\u0440 - Pr\u00e4natalzentrum an der Wien\" \/>\n<meta property=\"og:url\" content=\"https:\/\/www.praenatalzentrum.wien\/ru\/%d0%bc%d1%8b-%d0%b2%d1%81%d0%b5%d0%b3%d0%b4%d0%b0-%d0%ba-%d0%b2%d0%b0%d1%88%d0%b8%d0%bc-%d1%83%d1%81%d0%bb%d1%83%d0%b3%d0%b0%d0%bc\/%d0%b4%d0%be%d0%ba%d1%82%d0%be%d1%80-%d0%b2%d0%b8%d0%ba%d1%82%d0%be%d1%80%d0%b8%d1%8f-%d1%86%d0%b2%d0%b5%d1%86%d0%b1%d0%b0%d1%85%d0%b5%d1%80-2\/\" \/>\n<meta property=\"og:site_name\" content=\"Pr\u00e4natalzentrum an der Wien\" \/>\n<meta property=\"article:modified_time\" content=\"2025-08-07T17:04:22+00:00\" \/>\n<meta property=\"og:image\" content=\"https:\/\/www.praenatalzentrum.wien\/wp-content\/uploads\/2021\/05\/praenatalzentrum-an-der-wien-slider-maedchen-1.jpg\" \/>\n\t<meta property=\"og:image:width\" content=\"1200\" \/>\n\t<meta property=\"og:image:height\" content=\"620\" \/>\n\t<meta property=\"og:image:type\" content=\"image\/jpeg\" \/>\n<meta name=\"twitter:card\" content=\"summary_large_image\" \/>\n<meta name=\"twitter:label1\" content=\"\u041f\u0440\u0438\u043c\u0435\u0440\u043d\u043e\u0435 \u0432\u0440\u0435\u043c\u044f \u0434\u043b\u044f \u0447\u0442\u0435\u043d\u0438\u044f\" \/>\n\t<meta name=\"twitter:data1\" content=\"1 \u043c\u0438\u043d\u0443\u0442\u0430\" \/>\n<script type=\"application\/ld+json\" class=\"yoast-schema-graph\">{\"@context\":\"https:\\\/\\\/schema.org\",\"@graph\":[{\"@type\":\"WebPage\",\"@id\":\"https:\\\/\\\/www.praenatalzentrum.wien\\\/ru\\\/%d0%bc%d1%8b-%d0%b2%d1%81%d0%b5%d0%b3%d0%b4%d0%b0-%d0%ba-%d0%b2%d0%b0%d1%88%d0%b8%d0%bc-%d1%83%d1%81%d0%bb%d1%83%d0%b3%d0%b0%d0%bc\\\/%d0%b4%d0%be%d0%ba%d1%82%d0%be%d1%80-%d0%b2%d0%b8%d0%ba%d1%82%d0%be%d1%80%d0%b8%d1%8f-%d1%86%d0%b2%d0%b5%d1%86%d0%b1%d0%b0%d1%85%d0%b5%d1%80-2\\\/\",\"url\":\"https:\\\/\\\/www.praenatalzentrum.wien\\\/ru\\\/%d0%bc%d1%8b-%d0%b2%d1%81%d0%b5%d0%b3%d0%b4%d0%b0-%d0%ba-%d0%b2%d0%b0%d1%88%d0%b8%d0%bc-%d1%83%d1%81%d0%bb%d1%83%d0%b3%d0%b0%d0%bc\\\/%d0%b4%d0%be%d0%ba%d1%82%d0%be%d1%80-%d0%b2%d0%b8%d0%ba%d1%82%d0%be%d1%80%d0%b8%d1%8f-%d1%86%d0%b2%d0%b5%d1%86%d0%b1%d0%b0%d1%85%d0%b5%d1%80-2\\\/\",\"name\":\"\u0414\u043e\u043a\u0442\u043e\u0440 \u0412\u0438\u043a\u0442\u043e\u0440\u0438\u044f \u0426\u0432\u0435\u0446\u0431\u0430\u0445\u0435\u0440 - Pr\u00e4natalzentrum an der Wien\",\"isPartOf\":{\"@id\":\"https:\\\/\\\/www.praenatalzentrum.wien\\\/ru\\\/#website\"},\"datePublished\":\"2023-06-15T12:58:27+00:00\",\"dateModified\":\"2025-08-07T17:04:22+00:00\",\"breadcrumb\":{\"@id\":\"https:\\\/\\\/www.praenatalzentrum.wien\\\/ru\\\/%d0%bc%d1%8b-%d0%b2%d1%81%d0%b5%d0%b3%d0%b4%d0%b0-%d0%ba-%d0%b2%d0%b0%d1%88%d0%b8%d0%bc-%d1%83%d1%81%d0%bb%d1%83%d0%b3%d0%b0%d0%bc\\\/%d0%b4%d0%be%d0%ba%d1%82%d0%be%d1%80-%d0%b2%d0%b8%d0%ba%d1%82%d0%be%d1%80%d0%b8%d1%8f-%d1%86%d0%b2%d0%b5%d1%86%d0%b1%d0%b0%d1%85%d0%b5%d1%80-2\\\/#breadcrumb\"},\"inLanguage\":\"ru-RU\",\"potentialAction\":[{\"@type\":\"ReadAction\",\"target\":[\"https:\\\/\\\/www.praenatalzentrum.wien\\\/ru\\\/%d0%bc%d1%8b-%d0%b2%d1%81%d0%b5%d0%b3%d0%b4%d0%b0-%d0%ba-%d0%b2%d0%b0%d1%88%d0%b8%d0%bc-%d1%83%d1%81%d0%bb%d1%83%d0%b3%d0%b0%d0%bc\\\/%d0%b4%d0%be%d0%ba%d1%82%d0%be%d1%80-%d0%b2%d0%b8%d0%ba%d1%82%d0%be%d1%80%d0%b8%d1%8f-%d1%86%d0%b2%d0%b5%d1%86%d0%b1%d0%b0%d1%85%d0%b5%d1%80-2\\\/\"]}]},{\"@type\":\"BreadcrumbList\",\"@id\":\"https:\\\/\\\/www.praenatalzentrum.wien\\\/ru\\\/%d0%bc%d1%8b-%d0%b2%d1%81%d0%b5%d0%b3%d0%b4%d0%b0-%d0%ba-%d0%b2%d0%b0%d1%88%d0%b8%d0%bc-%d1%83%d1%81%d0%bb%d1%83%d0%b3%d0%b0%d0%bc\\\/%d0%b4%d0%be%d0%ba%d1%82%d0%be%d1%80-%d0%b2%d0%b8%d0%ba%d1%82%d0%be%d1%80%d0%b8%d1%8f-%d1%86%d0%b2%d0%b5%d1%86%d0%b1%d0%b0%d1%85%d0%b5%d1%80-2\\\/#breadcrumb\",\"itemListElement\":[{\"@type\":\"ListItem\",\"position\":1,\"name\":\"Startseite\",\"item\":\"https:\\\/\\\/www.praenatalzentrum.wien\\\/ru\\\/\"},{\"@type\":\"ListItem\",\"position\":2,\"name\":\"\u041c\u044b \u0432\u0441\u0435\u0433\u0434\u0430 \u043a \u0432\u0430\u0448\u0438\u043c \u0443\u0441\u043b\u0443\u0433\u0430\u043c\",\"item\":\"https:\\\/\\\/www.praenatalzentrum.wien\\\/ru\\\/%d0%bc%d1%8b-%d0%b2%d1%81%d0%b5%d0%b3%d0%b4%d0%b0-%d0%ba-%d0%b2%d0%b0%d1%88%d0%b8%d0%bc-%d1%83%d1%81%d0%bb%d1%83%d0%b3%d0%b0%d0%bc\\\/\"},{\"@type\":\"ListItem\",\"position\":3,\"name\":\"\u0414\u043e\u043a\u0442\u043e\u0440 \u0412\u0438\u043a\u0442\u043e\u0440\u0438\u044f \u0426\u0432\u0435\u0446\u0431\u0430\u0445\u0435\u0440\"}]},{\"@type\":\"WebSite\",\"@id\":\"https:\\\/\\\/www.praenatalzentrum.wien\\\/ru\\\/#website\",\"url\":\"https:\\\/\\\/www.praenatalzentrum.wien\\\/ru\\\/\",\"name\":\"Pr\u00e4natalzentrum an der Wien\",\"description\":\"Pr\u00e4nataldiagnostik\",\"publisher\":{\"@id\":\"https:\\\/\\\/www.praenatalzentrum.wien\\\/ru\\\/#organization\"},\"potentialAction\":[{\"@type\":\"SearchAction\",\"target\":{\"@type\":\"EntryPoint\",\"urlTemplate\":\"https:\\\/\\\/www.praenatalzentrum.wien\\\/ru\\\/?s={search_term_string}\"},\"query-input\":{\"@type\":\"PropertyValueSpecification\",\"valueRequired\":true,\"valueName\":\"search_term_string\"}}],\"inLanguage\":\"ru-RU\"},{\"@type\":\"Organization\",\"@id\":\"https:\\\/\\\/www.praenatalzentrum.wien\\\/ru\\\/#organization\",\"name\":\"Pr\u00e4natalzentrum an der Wien\",\"url\":\"https:\\\/\\\/www.praenatalzentrum.wien\\\/ru\\\/\",\"logo\":{\"@type\":\"ImageObject\",\"inLanguage\":\"ru-RU\",\"@id\":\"https:\\\/\\\/www.praenatalzentrum.wien\\\/ru\\\/#\\\/schema\\\/logo\\\/image\\\/\",\"url\":\"https:\\\/\\\/www.praenatalzentrum.wien\\\/wp-content\\\/uploads\\\/2020\\\/11\\\/Praenatalzentrum-Wien_Logo.png\",\"contentUrl\":\"https:\\\/\\\/www.praenatalzentrum.wien\\\/wp-content\\\/uploads\\\/2020\\\/11\\\/Praenatalzentrum-Wien_Logo.png\",\"width\":476,\"height\":100,\"caption\":\"Pr\u00e4natalzentrum an der Wien\"},\"image\":{\"@id\":\"https:\\\/\\\/www.praenatalzentrum.wien\\\/ru\\\/#\\\/schema\\\/logo\\\/image\\\/\"}}]}<\/script>\n<!-- \/ Yoast SEO plugin. -->","yoast_head_json":{"title":"\u0414\u043e\u043a\u0442\u043e\u0440 \u0412\u0438\u043a\u0442\u043e\u0440\u0438\u044f \u0426\u0432\u0435\u0446\u0431\u0430\u0445\u0435\u0440 - Pr\u00e4natalzentrum an der Wien","robots":{"index":"index","follow":"follow","max-snippet":"max-snippet:-1","max-image-preview":"max-image-preview:large","max-video-preview":"max-video-preview:-1"},"canonical":"https:\/\/www.praenatalzentrum.wien\/ru\/%d0%bc%d1%8b-%d0%b2%d1%81%d0%b5%d0%b3%d0%b4%d0%b0-%d0%ba-%d0%b2%d0%b0%d1%88%d0%b8%d0%bc-%d1%83%d1%81%d0%bb%d1%83%d0%b3%d0%b0%d0%bc\/%d0%b4%d0%be%d0%ba%d1%82%d0%be%d1%80-%d0%b2%d0%b8%d0%ba%d1%82%d0%be%d1%80%d0%b8%d1%8f-%d1%86%d0%b2%d0%b5%d1%86%d0%b1%d0%b0%d1%85%d0%b5%d1%80-2\/","og_locale":"ru_RU","og_type":"article","og_title":"\u0414\u043e\u043a\u0442\u043e\u0440 \u0412\u0438\u043a\u0442\u043e\u0440\u0438\u044f \u0426\u0432\u0435\u0446\u0431\u0430\u0445\u0435\u0440 - Pr\u00e4natalzentrum an der Wien","og_url":"https:\/\/www.praenatalzentrum.wien\/ru\/%d0%bc%d1%8b-%d0%b2%d1%81%d0%b5%d0%b3%d0%b4%d0%b0-%d0%ba-%d0%b2%d0%b0%d1%88%d0%b8%d0%bc-%d1%83%d1%81%d0%bb%d1%83%d0%b3%d0%b0%d0%bc\/%d0%b4%d0%be%d0%ba%d1%82%d0%be%d1%80-%d0%b2%d0%b8%d0%ba%d1%82%d0%be%d1%80%d0%b8%d1%8f-%d1%86%d0%b2%d0%b5%d1%86%d0%b1%d0%b0%d1%85%d0%b5%d1%80-2\/","og_site_name":"Pr\u00e4natalzentrum an der Wien","article_modified_time":"2025-08-07T17:04:22+00:00","og_image":[{"width":1200,"height":620,"url":"https:\/\/www.praenatalzentrum.wien\/wp-content\/uploads\/2021\/05\/praenatalzentrum-an-der-wien-slider-maedchen-1.jpg","type":"image\/jpeg"}],"twitter_card":"summary_large_image","twitter_misc":{"\u041f\u0440\u0438\u043c\u0435\u0440\u043d\u043e\u0435 \u0432\u0440\u0435\u043c\u044f \u0434\u043b\u044f \u0447\u0442\u0435\u043d\u0438\u044f":"1 \u043c\u0438\u043d\u0443\u0442\u0430"},"schema":{"@context":"https:\/\/schema.org","@graph":[{"@type":"WebPage","@id":"https:\/\/www.praenatalzentrum.wien\/ru\/%d0%bc%d1%8b-%d0%b2%d1%81%d0%b5%d0%b3%d0%b4%d0%b0-%d0%ba-%d0%b2%d0%b0%d1%88%d0%b8%d0%bc-%d1%83%d1%81%d0%bb%d1%83%d0%b3%d0%b0%d0%bc\/%d0%b4%d0%be%d0%ba%d1%82%d0%be%d1%80-%d0%b2%d0%b8%d0%ba%d1%82%d0%be%d1%80%d0%b8%d1%8f-%d1%86%d0%b2%d0%b5%d1%86%d0%b1%d0%b0%d1%85%d0%b5%d1%80-2\/","url":"https:\/\/www.praenatalzentrum.wien\/ru\/%d0%bc%d1%8b-%d0%b2%d1%81%d0%b5%d0%b3%d0%b4%d0%b0-%d0%ba-%d0%b2%d0%b0%d1%88%d0%b8%d0%bc-%d1%83%d1%81%d0%bb%d1%83%d0%b3%d0%b0%d0%bc\/%d0%b4%d0%be%d0%ba%d1%82%d0%be%d1%80-%d0%b2%d0%b8%d0%ba%d1%82%d0%be%d1%80%d0%b8%d1%8f-%d1%86%d0%b2%d0%b5%d1%86%d0%b1%d0%b0%d1%85%d0%b5%d1%80-2\/","name":"\u0414\u043e\u043a\u0442\u043e\u0440 \u0412\u0438\u043a\u0442\u043e\u0440\u0438\u044f \u0426\u0432\u0435\u0446\u0431\u0430\u0445\u0435\u0440 - Pr\u00e4natalzentrum an der Wien","isPartOf":{"@id":"https:\/\/www.praenatalzentrum.wien\/ru\/#website"},"datePublished":"2023-06-15T12:58:27+00:00","dateModified":"2025-08-07T17:04:22+00:00","breadcrumb":{"@id":"https:\/\/www.praenatalzentrum.wien\/ru\/%d0%bc%d1%8b-%d0%b2%d1%81%d0%b5%d0%b3%d0%b4%d0%b0-%d0%ba-%d0%b2%d0%b0%d1%88%d0%b8%d0%bc-%d1%83%d1%81%d0%bb%d1%83%d0%b3%d0%b0%d0%bc\/%d0%b4%d0%be%d0%ba%d1%82%d0%be%d1%80-%d0%b2%d0%b8%d0%ba%d1%82%d0%be%d1%80%d0%b8%d1%8f-%d1%86%d0%b2%d0%b5%d1%86%d0%b1%d0%b0%d1%85%d0%b5%d1%80-2\/#breadcrumb"},"inLanguage":"ru-RU","potentialAction":[{"@type":"ReadAction","target":["https:\/\/www.praenatalzentrum.wien\/ru\/%d0%bc%d1%8b-%d0%b2%d1%81%d0%b5%d0%b3%d0%b4%d0%b0-%d0%ba-%d0%b2%d0%b0%d1%88%d0%b8%d0%bc-%d1%83%d1%81%d0%bb%d1%83%d0%b3%d0%b0%d0%bc\/%d0%b4%d0%be%d0%ba%d1%82%d0%be%d1%80-%d0%b2%d0%b8%d0%ba%d1%82%d0%be%d1%80%d0%b8%d1%8f-%d1%86%d0%b2%d0%b5%d1%86%d0%b1%d0%b0%d1%85%d0%b5%d1%80-2\/"]}]},{"@type":"BreadcrumbList","@id":"https:\/\/www.praenatalzentrum.wien\/ru\/%d0%bc%d1%8b-%d0%b2%d1%81%d0%b5%d0%b3%d0%b4%d0%b0-%d0%ba-%d0%b2%d0%b0%d1%88%d0%b8%d0%bc-%d1%83%d1%81%d0%bb%d1%83%d0%b3%d0%b0%d0%bc\/%d0%b4%d0%be%d0%ba%d1%82%d0%be%d1%80-%d0%b2%d0%b8%d0%ba%d1%82%d0%be%d1%80%d0%b8%d1%8f-%d1%86%d0%b2%d0%b5%d1%86%d0%b1%d0%b0%d1%85%d0%b5%d1%80-2\/#breadcrumb","itemListElement":[{"@type":"ListItem","position":1,"name":"Startseite","item":"https:\/\/www.praenatalzentrum.wien\/ru\/"},{"@type":"ListItem","position":2,"name":"\u041c\u044b \u0432\u0441\u0435\u0433\u0434\u0430 \u043a \u0432\u0430\u0448\u0438\u043c \u0443\u0441\u043b\u0443\u0433\u0430\u043c","item":"https:\/\/www.praenatalzentrum.wien\/ru\/%d0%bc%d1%8b-%d0%b2%d1%81%d0%b5%d0%b3%d0%b4%d0%b0-%d0%ba-%d0%b2%d0%b0%d1%88%d0%b8%d0%bc-%d1%83%d1%81%d0%bb%d1%83%d0%b3%d0%b0%d0%bc\/"},{"@type":"ListItem","position":3,"name":"\u0414\u043e\u043a\u0442\u043e\u0440 \u0412\u0438\u043a\u0442\u043e\u0440\u0438\u044f \u0426\u0432\u0435\u0446\u0431\u0430\u0445\u0435\u0440"}]},{"@type":"WebSite","@id":"https:\/\/www.praenatalzentrum.wien\/ru\/#website","url":"https:\/\/www.praenatalzentrum.wien\/ru\/","name":"Pr\u00e4natalzentrum an der Wien","description":"Pr\u00e4nataldiagnostik","publisher":{"@id":"https:\/\/www.praenatalzentrum.wien\/ru\/#organization"},"potentialAction":[{"@type":"SearchAction","target":{"@type":"EntryPoint","urlTemplate":"https:\/\/www.praenatalzentrum.wien\/ru\/?s={search_term_string}"},"query-input":{"@type":"PropertyValueSpecification","valueRequired":true,"valueName":"search_term_string"}}],"inLanguage":"ru-RU"},{"@type":"Organization","@id":"https:\/\/www.praenatalzentrum.wien\/ru\/#organization","name":"Pr\u00e4natalzentrum an der Wien","url":"https:\/\/www.praenatalzentrum.wien\/ru\/","logo":{"@type":"ImageObject","inLanguage":"ru-RU","@id":"https:\/\/www.praenatalzentrum.wien\/ru\/#\/schema\/logo\/image\/","url":"https:\/\/www.praenatalzentrum.wien\/wp-content\/uploads\/2020\/11\/Praenatalzentrum-Wien_Logo.png","contentUrl":"https:\/\/www.praenatalzentrum.wien\/wp-content\/uploads\/2020\/11\/Praenatalzentrum-Wien_Logo.png","width":476,"height":100,"caption":"Pr\u00e4natalzentrum an der Wien"},"image":{"@id":"https:\/\/www.praenatalzentrum.wien\/ru\/#\/schema\/logo\/image\/"}}]}},"_links":{"self":[{"href":"https:\/\/www.praenatalzentrum.wien\/ru\/wp-json\/wp\/v2\/pages\/14103","targetHints":{"allow":["GET"]}}],"collection":[{"href":"https:\/\/www.praenatalzentrum.wien\/ru\/wp-json\/wp\/v2\/pages"}],"about":[{"href":"https:\/\/www.praenatalzentrum.wien\/ru\/wp-json\/wp\/v2\/types\/page"}],"author":[{"embeddable":true,"href":"https:\/\/www.praenatalzentrum.wien\/ru\/wp-json\/wp\/v2\/users\/2"}],"replies":[{"embeddable":true,"href":"https:\/\/www.praenatalzentrum.wien\/ru\/wp-json\/wp\/v2\/comments?post=14103"}],"version-history":[{"count":7,"href":"https:\/\/www.praenatalzentrum.wien\/ru\/wp-json\/wp\/v2\/pages\/14103\/revisions"}],"predecessor-version":[{"id":15505,"href":"https:\/\/www.praenatalzentrum.wien\/ru\/wp-json\/wp\/v2\/pages\/14103\/revisions\/15505"}],"up":[{"embeddable":true,"href":"https:\/\/www.praenatalzentrum.wien\/ru\/wp-json\/wp\/v2\/pages\/10785"}],"wp:attachment":[{"href":"https:\/\/www.praenatalzentrum.wien\/ru\/wp-json\/wp\/v2\/media?parent=14103"}],"curies":[{"name":"wp","href":"https:\/\/api.w.org\/{rel}","templated":true}]}}