{"id":10606,"date":"2021-07-14T12:03:05","date_gmt":"2021-07-14T10:03:05","guid":{"rendered":"https:\/\/www.praenatalzentrum.wien\/kapcsolat\/"},"modified":"2026-02-20T17:19:33","modified_gmt":"2026-02-20T16:19:33","slug":"kapcsolat","status":"publish","type":"page","link":"https:\/\/www.praenatalzentrum.wien\/hu\/kapcsolat\/","title":{"rendered":"Kapcsolat"},"content":{"rendered":"<section class=\"l-section wpb_row height_custom color_alternate with_img\"><div class=\"l-section-img\" role=\"img\" aria-label=\"Kachel \u2013 Hintergrund gr\u00fcn\" data-img-width=\"350\" data-img-height=\"28\" style=\"background-image: url(https:\/\/www.praenatalzentrum.wien\/wp-content\/uploads\/2020\/12\/kachel-salbei-350.png);background-size: auto;\"><\/div><div class=\"l-section-overlay\" style=\"background:rgba(255,255,255,0.4)\"><\/div><div class=\"l-section-h i-cf\"><div class=\"g-cols vc_row via_flex valign_top type_default stacking_default\"><div class=\"vc_col-sm-12 wpb_column vc_column_container\"><div class=\"vc_column-inner\"><div class=\"wpb_wrapper\"><div class=\"g-cols wpb_row hide_on_default hide_on_laptops hide_on_tablets via_flex valign_top type_default stacking_default\" id=\"mobile\"><div class=\"vc_col-sm-6 wpb_column vc_column_container\"><div class=\"vc_column-inner\"><div class=\"wpb_wrapper\"><div class=\"wpb_text_column\"><div class=\"wpb_wrapper\"><h3 style=\"text-align: left;\">Pr\u00e4natalzentrum<br \/>\nan der Wien<\/h3>\n<h5 style=\"text-align: left;\">Linke Wienzeile 56\/17,<br \/>\n1060 B\u00e9cs<\/h5>\n<\/div><\/div><div class=\"w-separator size_medium\"><\/div><div class=\"w-iconbox iconpos_left style_default color_custom align_left\"><div class=\"w-iconbox-icon\" style=\"font-size:1.8rem;\"><i class=\"fas fa-train\"><\/i><\/div><div class=\"w-iconbox-meta\"><h5 class=\"w-iconbox-title\">Az U4 szinte h\u00e1zhoz hozza<\/h5><div class=\"w-iconbox-text\"><p>A Prenat\u00e1lis K\u00f6zpont k\u00f6zvetlen\u00fcl az <strong>U4 Kettenbr\u00fcckengasse<\/strong> meg\u00e1ll\u00f3j\u00e1n\u00e1l tal\u00e1lhat\u00f3 (Kij\u00e1rat: Wehrgasse).<\/p>\n<\/div><\/div><\/div><div class=\"w-separator size_small\"><\/div><div class=\"w-iconbox iconpos_left style_default color_custom align_left\"><div class=\"w-iconbox-icon\" style=\"font-size:1.8rem;--icon-bg-color:#ffffff;\"><i class=\"fas fa-parking\"><\/i><\/div><div class=\"w-iconbox-meta\"><h5 class=\"w-iconbox-title\">Parkoljon k\u00f6zvetlen\u00fcl a Prenat\u00e1lis K\u00f6zpont el\u0151tt<\/h5><div class=\"w-iconbox-text\"><p>A Prenat\u00e1lis K\u00f6zpont el\u0151tt, a <strong>Linke \u00e9s Rechte Wienzeile k\u00f6z\u00f6tti ter\u00fcleten<\/strong> mindig tal\u00e1l szabad parkol\u00f3helyet.<\/p>\n<\/div><\/div><\/div><div class=\"w-separator size_small\"><\/div><div class=\"w-iconbox iconpos_left style_default color_custom align_left\"><div class=\"w-iconbox-icon\" style=\"font-size:1.8rem;--icon-bg-color:#ffffff;\"><i class=\"fas fa-coins\"><\/i><\/div><div class=\"w-iconbox-meta\"><h5 class=\"w-iconbox-title\">D\u00edjk\u00f6teles r\u00f6vidt\u00e1v\u00fa parkol\u00e1si z\u00f3na<\/h5><div class=\"w-iconbox-text\"><p><strong>H\u00e9tf\u0151 \u2013 p\u00e9ntek<\/strong>:<br \/>\n9:00 \u2013 22:00 (max. id\u0151tartam: 2 \u00f3ra)<br \/>\n<strong>Szombat<\/strong>:<br \/>\n8:00 \u2013 18:00 (max. id\u0151tartam: 1,5 \u00f3ra)<\/p>\n<\/div><\/div><\/div><div class=\"w-separator size_medium\"><\/div>[vc_raw_html]JTNDaWZyYW1lJTIwc3JjJTNEJTIyaHR0cHMlM0ElMkYlMkZ3d3cuZ29vZ2xlLmNvbSUyRm1hcHMlMkZlbWJlZCUzRnBiJTNEJTIxMW0xOCUyMTFtMTIlMjExbTMlMjExZDI2NTkuNTAyNjEzODU0NTUyJTIxMmQxNi4zNTQ2OTkzMTU2NTEwNiUyMTNkNDguMTk2OTM0MDc5MjI4MiUyMTJtMyUyMTFmMCUyMTJmMCUyMTNmMCUyMTNtMiUyMTFpMTAyNCUyMTJpNzY4JTIxNGYxMy4xJTIxM20zJTIxMW0yJTIxMXMweDQ3NmQwNzg4YWMxMzIxODElMjUzQTB4YmI3MWZiYWJhMGI5NjExYiUyMTJzTGlua2UlMjUyMFdpZW56ZWlsZSUyNTIwNTYlMjUyQyUyNTIwMTA2MCUyNTIwV2llbiUyMTVlMCUyMTNtMiUyMTFzZGUlMjEyc2F0JTIxNHYxNjYzMTUyNjAwOTkxJTIxNW0yJTIxMXNkZSUyMTJzYXQlMjIlMjB3aWR0aCUzRCUyMjEwMCUyNSUyMiUyMGhlaWdodCUzRCUyMjI1MCUyMiUyMGZyYW1lYm9yZGVyJTNEJTIyMCUyMiUyMHN0eWxlJTNEJTIyYm9yZGVyJTNBMCUzQiUyMiUyMGFsbG93ZnVsbHNjcmVlbiUzRCUyMiUyMiUzRSUzQyUyRmlmcmFtZSUzRQ==[\/vc_raw_html]<\/div><\/div><\/div><div class=\"vc_col-sm-6 wpb_column vc_column_container\"><div class=\"vc_column-inner\"><div class=\"wpb_wrapper\"><div class=\"wpb_text_column\"><div class=\"wpb_wrapper\"><h3 style=\"text-align: center;\">Nyitvatart\u00e1s<\/h3>\n<p style=\"text-align: center;\">H\u00e9tf\u0151: 9:00 \u2013 18:00<br \/>\nKedd: 8:00 \u2013 16:00<br \/>\nSzerda: 9:00 \u2013 18:00<br \/>\nCs\u00fct\u00f6rt\u00f6k: 9:00 \u2013 18:00<br \/>\nP\u00e9ntek: 9:00 \u2013 14:00<\/p>\n<p style=\"text-align: center;\">Nem szerz\u0151d\u00f6tt orvosi rendel\u0151 \u2013 biztos\u00edt\u00f3f\u00fcggetlen<\/p>\n<\/div><\/div><div class=\"w-separator size_small\"><\/div><div class=\"w-iconbox iconpos_left style_default color_primary align_center no_text\"><a title=\"Rufen Sie uns an\" href=\"tel:+4313887080\" class=\"w-iconbox-link\" aria-label=\"(01) 388 70 80\"><div class=\"w-iconbox-icon\" style=\"font-size:1.2rem;\"><i class=\"fal fa-phone\"><\/i><\/div><\/a><div class=\"w-iconbox-meta\"><div class=\"w-iconbox-title\"><a title=\"Rufen Sie uns an\" href=\"tel:+4313887080\" class=\"w-iconbox-link\" aria-label=\"(01) 388 70 80\">(01) 388 70 80<\/a><\/div><\/div><\/div><div class=\"w-separator size_custom\" style=\"height:10px\"><\/div><div class=\"w-iconbox iconpos_left style_default color_primary align_center no_text\"><a title=\"Schicken Sie uns ein Fax\" href=\"tel:+4313887080\" class=\"w-iconbox-link\" aria-label=\"(01) 388 70 80 &#8211; 99\"><div class=\"w-iconbox-icon\" style=\"font-size:1.2rem;\"><i class=\"fal fa-fax\"><\/i><\/div><\/a><div class=\"w-iconbox-meta\"><div class=\"w-iconbox-title\"><a title=\"Schicken Sie uns ein Fax\" href=\"tel:+4313887080\" class=\"w-iconbox-link\" aria-label=\"(01) 388 70 80 &#8211; 99\">(01) 388 70 80 &#8211; 99<\/a><\/div><\/div><\/div><div class=\"w-separator size_custom\" style=\"height:10px\"><\/div><div class=\"w-iconbox iconpos_left style_default color_primary align_center no_text\"><a href=\"mailto:office@praenatalzentrum.wien\" class=\"w-iconbox-link\" aria-label=\"office@praenatalzentrum.wien\"><div class=\"w-iconbox-icon\" style=\"font-size:1.2rem;\"><i class=\"far fa-envelope\"><\/i><\/div><\/a><div class=\"w-iconbox-meta\"><div class=\"w-iconbox-title\"><a href=\"mailto:office@praenatalzentrum.wien\" class=\"w-iconbox-link\" aria-label=\"office@praenatalzentrum.wien\">office@praenatalzentrum.wien<\/a><\/div><\/div><\/div><div class=\"w-separator size_custom\" style=\"height:0,8rem\"><\/div><div class=\"w-btn-wrapper align_justify\"><a class=\"w-btn us-btn-style_17\" title=\"Online id\u0151pontfoglal\u00e1s \" href=\"https:\/\/www.praenatalzentrum.wien\/hu\/idopont-foglalas\/\"><span class=\"w-btn-label\">Id\u0151pontfoglal\u00e1s<\/span><\/a><\/div><\/div><\/div><\/div><\/div><div class=\"w-separator size_medium\"><\/div><div class=\"g-cols wpb_row hide_on_default hide_on_laptops hide_on_tablets via_flex valign_top type_default stacking_default\" id=\"mobile\"><div class=\"vc_col-sm-6 wpb_column vc_column_container\"><div class=\"vc_column-inner\"><div class=\"wpb_wrapper\"><div class=\"wpb_text_column\"><div class=\"wpb_wrapper\"><h3 style=\"text-align: left;\">Pr\u00e4natalzentrum<br \/>\nSt. P\u00f6lten<\/h3>\n<h5 style=\"text-align: left;\">Maximilianstra\u00dfe 51\/7 (az udvaron),<br \/>\n3100 St. P\u00f6lten<\/h5>\n<p>&nbsp;<\/p>\n<\/div><\/div><div class=\"w-separator size_medium\"><\/div><div class=\"w-iconbox iconpos_left style_default color_custom align_left\"><div class=\"w-iconbox-icon\" style=\"font-size:1.8rem;\"><i class=\"fas fa-bus\"><\/i><\/div><div class=\"w-iconbox-meta\"><h5 class=\"w-iconbox-title\">A nagyk\u00f6z\u00f6ns\u00e9g sz\u00e1m\u00e1ra k\u00f6nnyen megk\u00f6zel\u00edthet\u0151<\/h5><div class=\"w-iconbox-text\"><p><span>A St. P\u00f6lten p\u00e1lyaudvart\u00f3l gyalog k\u00f6r\u00fclbel\u00fcl 8 perc alatt el\u00e9rhet\u0151.<\/span><\/p>\n<\/div><\/div><\/div><div class=\"w-separator size_small\"><\/div><div class=\"w-iconbox iconpos_left style_default color_custom align_left no_text\"><div class=\"w-iconbox-icon\" style=\"font-size:1.8rem;--icon-bg-color:#ffffff;\"><i class=\"fas fa-parking\"><\/i><\/div><div class=\"w-iconbox-meta\"><h5 class=\"w-iconbox-title\">Parkol\u00f3 a betegek sz\u00e1m\u00e1ra a bels\u0151 udvarban.<\/h5><\/div><\/div><div class=\"w-separator size_small\"><\/div><div class=\"w-iconbox iconpos_left style_default color_custom align_left no_text\"><div class=\"w-iconbox-icon\" style=\"font-size:1.8rem;--icon-bg-color:#ffffff;\"><i class=\"fas fa-coins\"><\/i><\/div><div class=\"w-iconbox-meta\"><h5 class=\"w-iconbox-title\">Nincs parkol\u00e1si d\u00edj<\/h5><\/div><\/div><div class=\"w-separator size_medium\"><\/div>[vc_raw_html]JTNDaWZyYW1lJTIwc3JjJTNEJTIyaHR0cHMlM0ElMkYlMkZ3d3cuZ29vZ2xlLmNvbSUyRm1hcHMlMkZlbWJlZCUzRnBiJTNEJTIxMW0xOCUyMTFtMTIlMjExbTMlMjExZDI2NTguNzU1NzU3Mjc5MjA5MyUyMTJkMTUuNjI0NzIxMDEyMDk4NDIlMjEzZDQ4LjIxMTMyMDI0NTkwNDQyJTIxMm0zJTIxMWYwJTIxMmYwJTIxM2YwJTIxM20yJTIxMWkxMDI0JTIxMmk3NjglMjE0ZjEzLjElMjEzbTMlMjExbTIlMjExczB4NDc3Mjc4YWM2NjVjZGNlNyUyNTNBMHg3YjRiMDhjN2ZmOTVmOTRmJTIxMnNNYXhpbWlsaWFuc3RyYSUyNUMzJTI1OUZlJTI1MjA1MSUyNTJDJTI1MjAzMTAwJTI1MjBTdC4lMjUyMFAlMjVDMyUyNUI2bHRlbiUyMTVlMCUyMTNtMiUyMTFzZGUlMjEyc2F0JTIxNHYxNzY0MTg0NDkyMjQ1JTIxNW0yJTIxMXNkZSUyMTJzYXQlMjIlMjB3aWR0aCUzRCUyMjEwMCUyNSUyMiUyMGhlaWdodCUzRCUyMjI1MCUyMiUyMGZyYW1lYm9yZGVyJTNEJTIyMCUyMiUyMHN0eWxlJTNEJTIyYm9yZGVyJTNBMCUzQiUyMiUyMGFsbG93ZnVsbHNjcmVlbiUzRCUyMiUyMiUzRSUzQyUyRmlmcmFtZSUzRQ==[\/vc_raw_html]<\/div><\/div><\/div><div class=\"vc_col-sm-6 wpb_column vc_column_container\"><div class=\"vc_column-inner\"><div class=\"wpb_wrapper\"><div class=\"wpb_text_column\"><div class=\"wpb_wrapper\"><h3 style=\"text-align: center;\">Nyitvatart\u00e1s<\/h3>\n<p style=\"text-align: center;\">H\u00e9tf\u0151: 9:00 \u2013 18:00<br \/>\nKedd: 8:00 \u2013 16:00<br \/>\nSzerda: 9:00 \u2013 18:00<br \/>\nCs\u00fct\u00f6rt\u00f6k: 9:00 \u2013 18:00<br \/>\nP\u00e9ntek: 9:00 \u2013 14:00<\/p>\n<p style=\"text-align: center;\">Nem szerz\u0151d\u00f6tt orvosi rendel\u0151 \u2013 biztos\u00edt\u00f3f\u00fcggetlen<\/p>\n<\/div><\/div><div class=\"w-separator size_small\"><\/div><div class=\"w-iconbox iconpos_left style_default color_primary align_center no_text\"><a title=\"Rufen Sie uns an\" href=\"tel:+43274245205\" class=\"w-iconbox-link\" aria-label=\"(02742) 45 205\"><div class=\"w-iconbox-icon\" style=\"font-size:1.2rem;\"><i class=\"fal fa-phone\"><\/i><\/div><\/a><div class=\"w-iconbox-meta\"><div class=\"w-iconbox-title\"><a title=\"Rufen Sie uns an\" href=\"tel:+43274245205\" class=\"w-iconbox-link\" aria-label=\"(02742) 45 205\">(02742) 45 205<\/a><\/div><\/div><\/div><div class=\"w-separator size_custom\" style=\"height:10px\"><\/div><div class=\"w-iconbox iconpos_left style_default color_primary align_center no_text\"><a title=\"Schicken Sie uns ein Fax\" href=\"tel:+4313887080\" class=\"w-iconbox-link\" aria-label=\"(01) 388 70 80 &#8211; 99\"><div class=\"w-iconbox-icon\" style=\"font-size:1.2rem;\"><i class=\"fal fa-fax\"><\/i><\/div><\/a><div class=\"w-iconbox-meta\"><div class=\"w-iconbox-title\"><a title=\"Schicken Sie uns ein Fax\" href=\"tel:+4313887080\" class=\"w-iconbox-link\" aria-label=\"(01) 388 70 80 &#8211; 99\">(01) 388 70 80 &#8211; 99<\/a><\/div><\/div><\/div><div class=\"w-separator size_custom\" style=\"height:10px\"><\/div><div class=\"w-iconbox iconpos_left style_default color_primary align_center no_text\"><a href=\"mailto:stpoelten@praenatalzentrum.wien\" class=\"w-iconbox-link\" aria-label=\"stpoelten@praenatalzentrum.wien\"><div class=\"w-iconbox-icon\" style=\"font-size:1.2rem;\"><i class=\"far fa-envelope\"><\/i><\/div><\/a><div class=\"w-iconbox-meta\"><div class=\"w-iconbox-title\"><a href=\"mailto:stpoelten@praenatalzentrum.wien\" class=\"w-iconbox-link\" aria-label=\"stpoelten@praenatalzentrum.wien\">stpoelten@praenatalzentrum.wien<\/a><\/div><\/div><\/div><div class=\"w-separator size_custom\" style=\"height:0,8rem\"><\/div><div class=\"w-btn-wrapper align_justify\"><a class=\"w-btn us-btn-style_17\" title=\"Online id\u0151pontfoglal\u00e1s \" href=\"https:\/\/www.praenatalzentrum.wien\/hu\/idopont-foglalas\/\"><span class=\"w-btn-label\">Id\u0151pontfoglal\u00e1s<\/span><\/a><\/div><\/div><\/div><\/div><\/div><div class=\"w-separator size_medium\"><\/div><nav class=\"w-menu us_custom_eb849559 layout_hor style_links us_menu_1\" style=\"--main-gap:1.5rem;--main-ver-indent:0.8em;--main-hor-indent:0.8em;--main-color:inherit;\"><ul id=\"menu-footer-menu-hu\" class=\"menu\"><li id=\"menu-item-12581\" class=\"menu-item menu-item-type-post_type menu-item-object-page menu-item-12581\"><a href=\"https:\/\/www.praenatalzentrum.wien\/hu\/informacio-orvosok-es-egyuettmukoedo-partnereink-szamara\/\">Orvosoknak<\/a><\/li><li id=\"menu-item-10643\" class=\"menu-item menu-item-type-post_type menu-item-object-page menu-item-10643\"><a href=\"https:\/\/www.praenatalzentrum.wien\/hu\/impresszum\/\">Impresszum<\/a><\/li><li id=\"menu-item-10644\" class=\"menu-item menu-item-type-post_type menu-item-object-page menu-item-10644\"><a href=\"https:\/\/www.praenatalzentrum.wien\/hu\/adatkezelesi-tajekoztato\/\">Adatkezel\u00e9si t\u00e1j\u00e9koztat\u00f3<\/a><\/li><\/ul><style>@media ( max-width:600px ){.us_menu_1 .menu{display:block!important}.us_menu_1 .menu>li{margin:0 0 var(--main-gap,1.5rem)!important}}<\/style><\/nav><\/div><\/div><\/div><\/div><\/div><\/section><section class=\"l-section wpb_row us_custom_9d1e26d6 height_custom\"><div class=\"l-section-h i-cf\"><div class=\"g-cols vc_row via_flex valign_top type_default stacking_default\"><div class=\"vc_col-sm-12 wpb_column vc_column_container\"><div class=\"vc_column-inner\"><div class=\"wpb_wrapper\"><div class=\"wpb_text_column\"><div class=\"wpb_wrapper\"><p style=\"text-align: center;\">\u00a9 Pr\u00e4natalzentrum an der Wien \/ Pr\u00e4natalzentrum St. P\u00f6lten<\/p>\n<\/div><\/div><\/div><\/div><\/div><\/div><\/div><\/section>\n","protected":false},"excerpt":{"rendered":"Pr\u00e4natalzentrum an der Wien Linke Wienzeile 56\/17, 1060 B\u00e9cs Az U4 szinte h\u00e1zhoz hozzaA Prenat\u00e1lis K\u00f6zpont k\u00f6zvetlen\u00fcl az U4 Kettenbr\u00fcckengasse meg\u00e1ll\u00f3j\u00e1n\u00e1l tal\u00e1lhat\u00f3 (Kij\u00e1rat: Wehrgasse). Parkoljon k\u00f6zvetlen\u00fcl a Prenat\u00e1lis K\u00f6zpont el\u0151ttA Prenat\u00e1lis K\u00f6zpont el\u0151tt, a Linke \u00e9s Rechte Wienzeile k\u00f6z\u00f6tti ter\u00fcleten mindig tal\u00e1l szabad parkol\u00f3helyet. D\u00edjk\u00f6teles r\u00f6vidt\u00e1v\u00fa parkol\u00e1si z\u00f3naH\u00e9tf\u0151 \u2013 p\u00e9ntek: 9:00 \u2013 22:00 (max. id\u0151tartam:...","protected":false},"author":3,"featured_media":0,"parent":0,"menu_order":8,"comment_status":"closed","ping_status":"closed","template":"","meta":{"footnotes":""},"class_list":["post-10606","page","type-page","status-publish","hentry"],"yoast_head":"<!-- This site is optimized with the Yoast SEO plugin v27.5 - https:\/\/yoast.com\/product\/yoast-seo-wordpress\/ -->\n<title>Kapcsolat - Pr\u00e4natalzentrum an der Wien<\/title>\n<meta name=\"robots\" content=\"index, follow, max-snippet:-1, max-image-preview:large, max-video-preview:-1\" \/>\n<link rel=\"canonical\" href=\"https:\/\/www.praenatalzentrum.wien\/hu\/kapcsolat\/\" \/>\n<meta property=\"og:locale\" content=\"hu_HU\" \/>\n<meta property=\"og:type\" content=\"article\" \/>\n<meta property=\"og:title\" content=\"Kapcsolat - Pr\u00e4natalzentrum an der Wien\" \/>\n<meta property=\"og:url\" content=\"https:\/\/www.praenatalzentrum.wien\/hu\/kapcsolat\/\" \/>\n<meta property=\"og:site_name\" content=\"Pr\u00e4natalzentrum an der Wien\" \/>\n<meta property=\"article:modified_time\" content=\"2026-02-20T16:19:33+00:00\" \/>\n<meta property=\"og:image\" content=\"https:\/\/www.praenatalzentrum.wien\/wp-content\/uploads\/2021\/05\/praenatalzentrum-an-der-wien-slider-maedchen-1.jpg\" \/>\n\t<meta property=\"og:image:width\" content=\"1200\" \/>\n\t<meta property=\"og:image:height\" content=\"620\" \/>\n\t<meta property=\"og:image:type\" content=\"image\/jpeg\" \/>\n<meta name=\"twitter:card\" content=\"summary_large_image\" \/>\n<meta name=\"twitter:label1\" content=\"Becs\u00fclt olvas\u00e1si id\u0151\" \/>\n\t<meta name=\"twitter:data1\" content=\"4 perc\" \/>\n<script type=\"application\/ld+json\" class=\"yoast-schema-graph\">{\"@context\":\"https:\\\/\\\/schema.org\",\"@graph\":[{\"@type\":\"WebPage\",\"@id\":\"https:\\\/\\\/www.praenatalzentrum.wien\\\/hu\\\/kapcsolat\\\/\",\"url\":\"https:\\\/\\\/www.praenatalzentrum.wien\\\/hu\\\/kapcsolat\\\/\",\"name\":\"Kapcsolat - Pr\u00e4natalzentrum an der Wien\",\"isPartOf\":{\"@id\":\"https:\\\/\\\/www.praenatalzentrum.wien\\\/hu\\\/#website\"},\"datePublished\":\"2021-07-14T10:03:05+00:00\",\"dateModified\":\"2026-02-20T16:19:33+00:00\",\"breadcrumb\":{\"@id\":\"https:\\\/\\\/www.praenatalzentrum.wien\\\/hu\\\/kapcsolat\\\/#breadcrumb\"},\"inLanguage\":\"hu\",\"potentialAction\":[{\"@type\":\"ReadAction\",\"target\":[\"https:\\\/\\\/www.praenatalzentrum.wien\\\/hu\\\/kapcsolat\\\/\"]}]},{\"@type\":\"BreadcrumbList\",\"@id\":\"https:\\\/\\\/www.praenatalzentrum.wien\\\/hu\\\/kapcsolat\\\/#breadcrumb\",\"itemListElement\":[{\"@type\":\"ListItem\",\"position\":1,\"name\":\"Startseite\",\"item\":\"https:\\\/\\\/www.praenatalzentrum.wien\\\/hu\\\/\"},{\"@type\":\"ListItem\",\"position\":2,\"name\":\"Kapcsolat\"}]},{\"@type\":\"WebSite\",\"@id\":\"https:\\\/\\\/www.praenatalzentrum.wien\\\/hu\\\/#website\",\"url\":\"https:\\\/\\\/www.praenatalzentrum.wien\\\/hu\\\/\",\"name\":\"Pr\u00e4natalzentrum an der Wien\",\"description\":\"Pr\u00e4nataldiagnostik\",\"publisher\":{\"@id\":\"https:\\\/\\\/www.praenatalzentrum.wien\\\/hu\\\/#organization\"},\"potentialAction\":[{\"@type\":\"SearchAction\",\"target\":{\"@type\":\"EntryPoint\",\"urlTemplate\":\"https:\\\/\\\/www.praenatalzentrum.wien\\\/hu\\\/?s={search_term_string}\"},\"query-input\":{\"@type\":\"PropertyValueSpecification\",\"valueRequired\":true,\"valueName\":\"search_term_string\"}}],\"inLanguage\":\"hu\"},{\"@type\":\"Organization\",\"@id\":\"https:\\\/\\\/www.praenatalzentrum.wien\\\/hu\\\/#organization\",\"name\":\"Pr\u00e4natalzentrum an der Wien\",\"url\":\"https:\\\/\\\/www.praenatalzentrum.wien\\\/hu\\\/\",\"logo\":{\"@type\":\"ImageObject\",\"inLanguage\":\"hu\",\"@id\":\"https:\\\/\\\/www.praenatalzentrum.wien\\\/hu\\\/#\\\/schema\\\/logo\\\/image\\\/\",\"url\":\"https:\\\/\\\/www.praenatalzentrum.wien\\\/wp-content\\\/uploads\\\/2020\\\/11\\\/Praenatalzentrum-Wien_Logo.png\",\"contentUrl\":\"https:\\\/\\\/www.praenatalzentrum.wien\\\/wp-content\\\/uploads\\\/2020\\\/11\\\/Praenatalzentrum-Wien_Logo.png\",\"width\":476,\"height\":100,\"caption\":\"Pr\u00e4natalzentrum an der Wien\"},\"image\":{\"@id\":\"https:\\\/\\\/www.praenatalzentrum.wien\\\/hu\\\/#\\\/schema\\\/logo\\\/image\\\/\"}}]}<\/script>\n<!-- \/ Yoast SEO plugin. -->","yoast_head_json":{"title":"Kapcsolat - Pr\u00e4natalzentrum an der Wien","robots":{"index":"index","follow":"follow","max-snippet":"max-snippet:-1","max-image-preview":"max-image-preview:large","max-video-preview":"max-video-preview:-1"},"canonical":"https:\/\/www.praenatalzentrum.wien\/hu\/kapcsolat\/","og_locale":"hu_HU","og_type":"article","og_title":"Kapcsolat - Pr\u00e4natalzentrum an der Wien","og_url":"https:\/\/www.praenatalzentrum.wien\/hu\/kapcsolat\/","og_site_name":"Pr\u00e4natalzentrum an der Wien","article_modified_time":"2026-02-20T16:19:33+00:00","og_image":[{"width":1200,"height":620,"url":"https:\/\/www.praenatalzentrum.wien\/wp-content\/uploads\/2021\/05\/praenatalzentrum-an-der-wien-slider-maedchen-1.jpg","type":"image\/jpeg"}],"twitter_card":"summary_large_image","twitter_misc":{"Becs\u00fclt olvas\u00e1si id\u0151":"4 perc"},"schema":{"@context":"https:\/\/schema.org","@graph":[{"@type":"WebPage","@id":"https:\/\/www.praenatalzentrum.wien\/hu\/kapcsolat\/","url":"https:\/\/www.praenatalzentrum.wien\/hu\/kapcsolat\/","name":"Kapcsolat - Pr\u00e4natalzentrum an der Wien","isPartOf":{"@id":"https:\/\/www.praenatalzentrum.wien\/hu\/#website"},"datePublished":"2021-07-14T10:03:05+00:00","dateModified":"2026-02-20T16:19:33+00:00","breadcrumb":{"@id":"https:\/\/www.praenatalzentrum.wien\/hu\/kapcsolat\/#breadcrumb"},"inLanguage":"hu","potentialAction":[{"@type":"ReadAction","target":["https:\/\/www.praenatalzentrum.wien\/hu\/kapcsolat\/"]}]},{"@type":"BreadcrumbList","@id":"https:\/\/www.praenatalzentrum.wien\/hu\/kapcsolat\/#breadcrumb","itemListElement":[{"@type":"ListItem","position":1,"name":"Startseite","item":"https:\/\/www.praenatalzentrum.wien\/hu\/"},{"@type":"ListItem","position":2,"name":"Kapcsolat"}]},{"@type":"WebSite","@id":"https:\/\/www.praenatalzentrum.wien\/hu\/#website","url":"https:\/\/www.praenatalzentrum.wien\/hu\/","name":"Pr\u00e4natalzentrum an der Wien","description":"Pr\u00e4nataldiagnostik","publisher":{"@id":"https:\/\/www.praenatalzentrum.wien\/hu\/#organization"},"potentialAction":[{"@type":"SearchAction","target":{"@type":"EntryPoint","urlTemplate":"https:\/\/www.praenatalzentrum.wien\/hu\/?s={search_term_string}"},"query-input":{"@type":"PropertyValueSpecification","valueRequired":true,"valueName":"search_term_string"}}],"inLanguage":"hu"},{"@type":"Organization","@id":"https:\/\/www.praenatalzentrum.wien\/hu\/#organization","name":"Pr\u00e4natalzentrum an der Wien","url":"https:\/\/www.praenatalzentrum.wien\/hu\/","logo":{"@type":"ImageObject","inLanguage":"hu","@id":"https:\/\/www.praenatalzentrum.wien\/hu\/#\/schema\/logo\/image\/","url":"https:\/\/www.praenatalzentrum.wien\/wp-content\/uploads\/2020\/11\/Praenatalzentrum-Wien_Logo.png","contentUrl":"https:\/\/www.praenatalzentrum.wien\/wp-content\/uploads\/2020\/11\/Praenatalzentrum-Wien_Logo.png","width":476,"height":100,"caption":"Pr\u00e4natalzentrum an der Wien"},"image":{"@id":"https:\/\/www.praenatalzentrum.wien\/hu\/#\/schema\/logo\/image\/"}}]}},"_links":{"self":[{"href":"https:\/\/www.praenatalzentrum.wien\/hu\/wp-json\/wp\/v2\/pages\/10606","targetHints":{"allow":["GET"]}}],"collection":[{"href":"https:\/\/www.praenatalzentrum.wien\/hu\/wp-json\/wp\/v2\/pages"}],"about":[{"href":"https:\/\/www.praenatalzentrum.wien\/hu\/wp-json\/wp\/v2\/types\/page"}],"author":[{"embeddable":true,"href":"https:\/\/www.praenatalzentrum.wien\/hu\/wp-json\/wp\/v2\/users\/3"}],"replies":[{"embeddable":true,"href":"https:\/\/www.praenatalzentrum.wien\/hu\/wp-json\/wp\/v2\/comments?post=10606"}],"version-history":[{"count":28,"href":"https:\/\/www.praenatalzentrum.wien\/hu\/wp-json\/wp\/v2\/pages\/10606\/revisions"}],"predecessor-version":[{"id":16321,"href":"https:\/\/www.praenatalzentrum.wien\/hu\/wp-json\/wp\/v2\/pages\/10606\/revisions\/16321"}],"wp:attachment":[{"href":"https:\/\/www.praenatalzentrum.wien\/hu\/wp-json\/wp\/v2\/media?parent=10606"}],"curies":[{"name":"wp","href":"https:\/\/api.w.org\/{rel}","templated":true}]}}