{"id":10456,"date":"2021-07-14T11:19:54","date_gmt":"2021-07-14T09:19:54","guid":{"rendered":"https:\/\/www.praenatalzentrum.wien\/szolgaltatasaink\/"},"modified":"2022-02-07T10:20:14","modified_gmt":"2022-02-07T09:20:14","slug":"szolgaltatasaink","status":"publish","type":"page","link":"https:\/\/www.praenatalzentrum.wien\/hu\/szolgaltatasaink\/","title":{"rendered":"Szolg\u00e1ltat\u00e1saink"},"content":{"rendered":"<section class=\"l-section wpb_row height_auto\"><div class=\"l-section-h i-cf\"><div class=\"g-cols vc_row via_flex valign_top type_default stacking_default\"><div class=\"vc_col-sm-2 wpb_column vc_column_container\"><div class=\"vc_column-inner\"><div class=\"wpb_wrapper\"><div class=\"w-separator size_small\"><\/div><\/div><\/div><\/div><div class=\"vc_col-sm-8 wpb_column vc_column_container\"><div class=\"vc_column-inner\"><div class=\"wpb_wrapper\"><div class=\"wpb_text_column\"><div class=\"wpb_wrapper\"><h1 style=\"text-align: center;\">Szolg\u00e1ltat\u00e1saink<\/h1>\n<\/div><\/div><div class=\"w-separator size_small\"><\/div><div class=\"wpb_text_column\"><div class=\"wpb_wrapper\"><p>Prenat\u00e1lis K\u00f6zpontunk saj\u00e1t laborat\u00f3riummal rendelkezik. Ez lehet\u0151v\u00e9 teszi sz\u00e1munkra, hogy <strong>minden vizsg\u00e1latot h\u00e1zon belu\u0308l <\/strong> v\u00e9gezzu\u0308nk el, \u00e9s \u00d6nt is a lehet\u0151 <strong>leggyorsabban \u00e9rtes\u00edtsu\u0308k az eredm\u00e9nyr\u0151l<\/strong>. Ausztri\u00e1ban egyike vagyunk azon kev\u00e9s prenat\u00e1lis diagnosztikai int\u00e9zm\u00e9nynek, amely helyben t\u00f6rt\u00e9n\u0151 invaz\u00edv diagnosztikai elj\u00e1r\u00e1st k\u00edn\u00e1l \u2013 <a href=\"https:\/\/www.praenatalzentrum.wien\/hu\/szolgaltatasaink\/mehlepeny-vizsgalat-chorion-boholy-biopszia-cvs\/\">mehlep\u00e9ny vizsg\u00e1lat<\/a> m\u00e1r a 12. terhess\u00e9gi h\u00e9tt\u0151l, \u00e9s <a href=\"https:\/\/www.praenatalzentrum.wien\/hu\/szolgaltatasaink\/magzatviz-vizsgalat-amniocentezis-ac\/\">magzatv\u00edz vizsg\u00e1lat<\/a> a 16. terhess\u00e9gi h\u00e9tt\u0151l. <\/p>\n<\/div><\/div><\/div><\/div><\/div><div class=\"vc_col-sm-2 wpb_column vc_column_container\"><div class=\"vc_column-inner\"><div class=\"wpb_wrapper\"><div class=\"w-separator size_small\"><\/div><\/div><\/div><\/div><\/div><\/div><\/section><section class=\"l-section wpb_row us_custom_5cd26a65 height_custom\"><div class=\"l-section-h i-cf\"><div class=\"g-cols vc_row via_flex valign_top type_default stacking_default\"><div class=\"vc_col-sm-12 wpb_column vc_column_container\"><div class=\"vc_column-inner\"><div class=\"wpb_wrapper\">\t\t\t<!-- Cool Timeline PRO V4.9 -->\r\n\t\t\t<div class=\"ctl-wrapper\" role=\"region\" aria-label=\"Timeline\">\r\n\t\t\t\t\t\t\t\t<div id=\"cool_timeline_1\" class=\"cool-timeline-wrapper ctl-both-sided ctl-vertical-wrapper ctl-default\" data-nav=\"show\" data-line-filling=\"false\" data-nav-pos=\"right\" data-nav-style=\"style-1\">\r\n\t\t\t\t\t<div class=\"ctl-start\"><\/div>\r\n\t\t\t\t\t<!-- Timeline Container -->\r\n\t\t\t\t\t<div class=\"ctl-timeline ctl-timeline-container\" data-animation=\"zoom-in\" aria-live=\"polite\">\r\n\t\t\t\t\t\t<!-- Center Line -->\r\n\t\t\t\t\t\t<div class=\"ctl-inner-line\" role=\"presentation\"><\/div>\r\n\t\t\t\t\t\t<!-- Timeline Content --><div id=\"ctl-story-10636\" class=\"ctl-story ctl-story-icon odd ctl-story-right ctl-no-media\" data-story-index=\"1\" role=\"article\"><!-- Story Icon --><div class=\"ctl-icon\"><i class= \"fa fas fa-check\" aria-hidden =\"true\" ><\/i><\/div> <!-- Story Arrow --><div class=\"ctl-arrow\"><\/div>\r\n\t\t\t<!-- Story Content --><div class=\"ctl-content\"><!-- Story Title --> <div class=\"ctl-title story-10636\" role=\"heading\" aria-level=\"2\"><a target=\"_self\" title=\"Korai ultrahang vizsg\u00e1lat\" href=\"https:\/\/www.praenatalzentrum.wien\/hu\/szolgaltatasaink\/korai-ultrahang-vizsgalat\/\" class=\"story-link\">Korai ultrahang vizsg\u00e1lat<\/a><\/div><!-- Story Description --><div class=\"ctl-description\"><p><a href=\"https:\/\/www.praenatalzentrum.wien\/hu\/szolgaltatasaink\/korai-ultrahang-vizsgalat\/\" target=\"_blank\" rel=\"noopener\"><strong>a 12. terhess\u00e9gi h\u00e9t el\u0151tt<\/strong><\/a><\/p>\n<\/div><\/div><\/div><!-- Timeline Content --><div id=\"ctl-story-10635\" class=\"ctl-story ctl-story-icon even ctl-story-left ctl-no-media\" data-story-index=\"2\" role=\"article\"><!-- Story Icon --><div class=\"ctl-icon\"><i class= \"fa fas fa-check\" aria-hidden =\"true\" ><\/i><\/div> <!-- Story Arrow --><div class=\"ctl-arrow\"><\/div>\r\n\t\t\t<!-- Story Content --><div class=\"ctl-content\"><!-- Story Title --> <div class=\"ctl-title story-10635\" role=\"heading\" aria-level=\"2\"><a target=\"_self\" title=\"12 hetes ultrahang vizsg\u00e1lat \u2013 Kiterjesztett kombin\u00e1lt teszt\" href=\"https:\/\/www.praenatalzentrum.wien\/hu\/szolgaltatasaink\/12-hetes-ultrahang-vizsgalat-kiterjesztett-kombinalt-teszt\/\" class=\"story-link\">12 hetes ultrahang vizsg\u00e1lat \u2013 Kiterjesztett kombin\u00e1lt teszt<\/a><\/div><!-- Story Description --><div class=\"ctl-description\"><p><a href=\"https:\/\/www.praenatalzentrum.wien\/hu\/szolgaltatasaink\/12-hetes-ultrahang-vizsgalat-kiterjesztett-kombinalt-teszt\/\" target=\"_blank\" rel=\"noopener\"><strong>a 12 \u2013 14. terhess\u00e9gi h\u00e9ten<\/strong><\/a><\/p>\n<\/div><\/div><\/div><!-- Timeline Content --><div id=\"ctl-story-10634\" class=\"ctl-story ctl-story-icon odd ctl-story-right ctl-no-media\" data-story-index=\"3\" role=\"article\"><!-- Story Icon --><div class=\"ctl-icon\"><i class= \"fa fas fa-check\" aria-hidden =\"true\" ><\/i><\/div> <!-- Story Arrow --><div class=\"ctl-arrow\"><\/div>\r\n\t\t\t<!-- Story Content --><div class=\"ctl-content\"><!-- Story Title --> <div class=\"ctl-title story-10634\" role=\"heading\" aria-level=\"2\"><a target=\"_self\" title=\"Nem invaz\u00edv prenat\u00e1lis teszt (NIPT)\" href=\"https:\/\/www.praenatalzentrum.wien\/hu\/nem-invaziv-prenatalis-teszt-nipt\/nipt-classic\/\" class=\"story-link\">Nem invaz\u00edv prenat\u00e1lis teszt (NIPT)<\/a><\/div><!-- Story Description --><div class=\"ctl-description\"><p><a href=\"https:\/\/www.praenatalzentrum.wien\/hu\/nem-invaziv-prenatalis-teszt-nipt\/nipt-classic\/\" target=\"_blank\" rel=\"noopener\"><strong>a 11. terhess\u00e9gi h\u00e9tt\u0151l<\/strong><\/a><\/p>\n<\/div><\/div><\/div><!-- Timeline Content --><div id=\"ctl-story-15789\" class=\"ctl-story ctl-story-icon even ctl-story-left ctl-no-media\" data-story-index=\"4\" role=\"article\"><!-- Story Icon --><div class=\"ctl-icon\"><i class= \"fa fas fa-check\" aria-hidden =\"true\" ><\/i><\/div> <!-- Story Arrow --><div class=\"ctl-arrow\"><\/div>\r\n\t\t\t<!-- Story Content --><div class=\"ctl-content\"><!-- Story Title --> <div class=\"ctl-title story-15789\" role=\"heading\" aria-level=\"2\"><a target=\"_self\" title=\"Sz\u00fcl\u00e9szn\u0151i tan\u00e1csad\u00e1s\" href=\"https:\/\/www.praenatalzentrum.wien\/hu\/szuelesznoi-tanacsadas\/\" class=\"story-link\">Sz\u00fcl\u00e9szn\u0151i tan\u00e1csad\u00e1s<\/a><\/div><!-- Story Description --><div class=\"ctl-description\"><p><strong><a href=\"https:\/\/www.praenatalzentrum.wien\/hu\/szuelesznoi-tanacsadas\/\" target=\"_blank\" rel=\"noopener\">R\u00e9szletek<\/a><\/strong><\/p>\n<\/div><\/div><\/div><!-- Timeline Content --><div id=\"ctl-story-10633\" class=\"ctl-story ctl-story-icon odd ctl-story-right ctl-no-media\" data-story-index=\"5\" role=\"article\"><!-- Story Icon --><div class=\"ctl-icon\"><i class= \"fa fas fa-check\" aria-hidden =\"true\" ><\/i><\/div> <!-- Story Arrow --><div class=\"ctl-arrow\"><\/div>\r\n\t\t\t<!-- Story Content --><div class=\"ctl-content\"><!-- Story Title --> <div class=\"ctl-title story-10633\" role=\"heading\" aria-level=\"2\"><a target=\"_self\" title=\"22 hetes \u2013 genetikai \u2013 ultrahang vizsg\u00e1lat\" href=\"https:\/\/www.praenatalzentrum.wien\/hu\/szolgaltatasaink\/22-hetes-genetikai-ultrahang-vizsgalat\/\" class=\"story-link\">22 hetes \u2013 genetikai \u2013 ultrahang vizsg\u00e1lat<\/a><\/div><!-- Story Description --><div class=\"ctl-description\"><p><a href=\"https:\/\/www.praenatalzentrum.wien\/hu\/szolgaltatasaink\/22-hetes-genetikai-ultrahang-vizsgalat\/\" target=\"_blank\" rel=\"noopener\"><strong>a 21 &#8211; 24. terhess\u00e9gi h\u00e9ten<\/strong><\/a><\/p>\n<\/div><\/div><\/div><!-- Timeline Content --><div id=\"ctl-story-10632\" class=\"ctl-story ctl-story-icon even ctl-story-left ctl-no-media\" data-story-index=\"6\" role=\"article\"><!-- Story Icon --><div class=\"ctl-icon\"><i class= \"fa fas fa-check\" aria-hidden =\"true\" ><\/i><\/div> <!-- Story Arrow --><div class=\"ctl-arrow\"><\/div>\r\n\t\t\t<!-- Story Content --><div class=\"ctl-content\"><!-- Story Title --> <div class=\"ctl-title story-10632\" role=\"heading\" aria-level=\"2\"><a target=\"_self\" title=\"32 hetes \u2013 well-being ultrahang + Doppler ultrahang vizsg\u00e1lat\" href=\"https:\/\/www.praenatalzentrum.wien\/hu\/szolgaltatasaink\/32-hetes-well-being-ultrahang-doppler-ultrahang-vizsgalat\/\" class=\"story-link\">32 hetes \u2013 well-being ultrahang + Doppler ultrahang vizsg\u00e1lat<\/a><\/div><!-- Story Description --><div class=\"ctl-description\"><p><a href=\"https:\/\/www.praenatalzentrum.wien\/hu\/szolgaltatasaink\/32-hetes-well-being-ultrahang-doppler-ultrahang-vizsgalat\/\" target=\"_blank\" rel=\"noopener\"><strong>a 26. terhess\u00e9gi h\u00e9tt\u0151l \u2013 ide\u00e1lis esetben a 33-36. h\u00e9ten<\/strong><\/a><\/p>\n<\/div><\/div><\/div><!-- Timeline Content --><div id=\"ctl-story-10631\" class=\"ctl-story ctl-story-icon odd ctl-story-right ctl-no-media\" data-story-index=\"7\" role=\"article\"><!-- Story Icon --><div class=\"ctl-icon\"><i class= \"fa fas fa-check\" aria-hidden =\"true\" ><\/i><\/div> <!-- Story Arrow --><div class=\"ctl-arrow\"><\/div>\r\n\t\t\t<!-- Story Content --><div class=\"ctl-content\"><!-- Story Title --> <div class=\"ctl-title story-10631\" role=\"heading\" aria-level=\"2\"><a target=\"_self\" title=\"M\u00e9hlep\u00e9ny vizsg\u00e1lat (chorion boholy biopszia, CVS)\" href=\"https:\/\/www.praenatalzentrum.wien\/hu\/szolgaltatasaink\/mehlepeny-vizsgalat-chorion-boholy-biopszia-cvs\/\" class=\"story-link\">M\u00e9hlep\u00e9ny vizsg\u00e1lat (chorion boholy biopszia, CVS)<\/a><\/div><!-- Story Description --><div class=\"ctl-description\"><p><a href=\"https:\/\/www.praenatalzentrum.wien\/hu\/szolgaltatasaink\/mehlepeny-vizsgalat-chorion-boholy-biopszia-cvs\/\" target=\"_blank\" rel=\"noopener\"><strong>a 12. terhess\u00e9gi h\u00e9tt\u0151l<\/strong><\/a><\/p>\n<\/div><\/div><\/div><!-- Timeline Content --><div id=\"ctl-story-10630\" class=\"ctl-story ctl-story-icon even ctl-story-left ctl-no-media\" data-story-index=\"8\" role=\"article\"><!-- Story Icon --><div class=\"ctl-icon\"><i class= \"fa fas fa-check\" aria-hidden =\"true\" ><\/i><\/div> <!-- Story Arrow --><div class=\"ctl-arrow\"><\/div>\r\n\t\t\t<!-- Story Content --><div class=\"ctl-content\"><!-- Story Title --> <div class=\"ctl-title story-10630\" role=\"heading\" aria-level=\"2\"><a target=\"_self\" title=\"Magzatv\u00edz vizsg\u00e1lat (amniocent\u00e9zis, AC)\" href=\"https:\/\/www.praenatalzentrum.wien\/hu\/szolgaltatasaink\/magzatviz-vizsgalat-amniocentezis-ac\/\" class=\"story-link\">Magzatv\u00edz vizsg\u00e1lat (amniocent\u00e9zis, AC)<\/a><\/div><!-- Story Description --><div class=\"ctl-description\"><p><a href=\"https:\/\/www.praenatalzentrum.wien\/hu\/szolgaltatasaink\/magzatviz-vizsgalat-amniocentezis-ac\/\" target=\"_blank\" rel=\"noopener\"><strong>a 17. terhess\u00e9gi h\u00e9tt\u0151l<\/strong><\/a><\/p>\n<\/div><\/div><\/div><!-- Timeline Content --><div id=\"ctl-story-10628\" class=\"ctl-story ctl-story-icon odd ctl-story-right ctl-no-media\" data-story-index=\"9\" role=\"article\"><!-- Story Icon --><div class=\"ctl-icon\"><i class= \"fa fas fa-check\" aria-hidden =\"true\" ><\/i><\/div> <!-- Story Arrow --><div class=\"ctl-arrow\"><\/div>\r\n\t\t\t<!-- Story Content --><div class=\"ctl-content\"><!-- Story Title --> <div class=\"ctl-title story-10628\" role=\"heading\" aria-level=\"2\"><a target=\"_self\" title=\"3D\/4D ultrahang\" href=\"https:\/\/www.praenatalzentrum.wien\/hu\/szolgaltatasaink\/3d-4d-ultrahang\/\" class=\"story-link\">3D\/4D ultrahang<\/a><\/div><!-- Story Description --><div class=\"ctl-description\"><p><a href=\"https:\/\/www.praenatalzentrum.wien\/hu\/szolgaltatasaink\/3d-4d-ultrahang\/\" target=\"_blank\" rel=\"noopener\"><strong>a 9 &#8211; 14. terhess\u00e9gi h\u00e9ten + a 25. h\u00e9t ut\u00e1n<\/strong><\/a><\/p>\n<\/div><\/div><\/div><!-- Timeline Content --><div id=\"ctl-story-10629\" class=\"ctl-story ctl-story-icon even ctl-story-left ctl-no-media\" data-story-index=\"10\" role=\"article\"><!-- Story Icon --><div class=\"ctl-icon\"><i class= \"fa fas fa-check\" aria-hidden =\"true\" ><\/i><\/div> <!-- Story Arrow --><div class=\"ctl-arrow\"><\/div>\r\n\t\t\t<!-- Story Content --><div class=\"ctl-content\"><!-- Story Title --> <div class=\"ctl-title story-10629\" role=\"heading\" aria-level=\"2\"><a target=\"_self\" title=\"Genetikai tan\u00e1csad\u00e1s\" href=\"https:\/\/www.praenatalzentrum.wien\/hu\/szolgaltatasaink\/genetikai-tanacsadas\/\" class=\"story-link\">Genetikai tan\u00e1csad\u00e1s<\/a><\/div><!-- Story Description --><div class=\"ctl-description\"><p><a href=\"https:\/\/www.praenatalzentrum.wien\/hu\/szolgaltatasaink\/genetikai-tanacsadas\/\" target=\"_blank\" rel=\"noopener\"><strong>R\u00e9szletek<\/strong><\/a><\/p>\n<\/div><\/div><\/div>\t\t\t\t\t<\/div>\r\n\t\t\t\t\t<div class=\"ctl-end\"><\/div>\r\n\t\t\t\t\t\t\t\t\t<\/div>\r\n\t\t\t<\/div>\r\n\t\t\t<\/div><\/div><\/div><\/div><\/div><\/section><section class=\"l-section wpb_row height_custom color_alternate\"><div class=\"l-section-h i-cf\"><div class=\"g-cols vc_row via_flex valign_top type_default stacking_default\"><div class=\"vc_col-sm-2 wpb_column vc_column_container\"><div class=\"vc_column-inner\"><div class=\"wpb_wrapper\"><div class=\"w-separator size_small\"><\/div><\/div><\/div><\/div><div class=\"vc_col-sm-8 wpb_column vc_column_container\"><div class=\"vc_column-inner\"><div class=\"wpb_wrapper\"><div class=\"wpb_text_column\"><div class=\"wpb_wrapper\"><h5>Szak\u00e9rtelem \u00e9s kiterjedt t\u00e1mogat\u00f3 h\u00e1l\u00f3zat az \u00d6n sz\u00e1m\u00e1ra<\/h5>\n<p>A terhess\u00e9g \u00e1ltal sok minden megv\u00e1ltozik, a legku\u0308l\u00f6nf\u00e9l\u00e9bb \u00e9rz\u00e9sek \u00e9s gondolatok meru\u0308lhetnek fel \u00d6nben \u2013 \u00e9s a legfontosabb k\u00e9rd\u00e9s: Vajon eg\u00e9szs\u00e9ges-e a gyermekem? Ez\u00e9rt mi <strong>mindenre kiterjed\u0151 t\u00e1j\u00e9koztat\u00e1st ny\u00fajtunk vizsg\u00e1lati m\u00f3dszereinkr\u0151l \u00e9s az esetleges kock\u00e1zatokr\u00f3l.<\/strong> A felvil\u00e1gos\u00edt\u00e1s sor\u00e1n elegend\u0151 id\u0151t szentelu\u0308nk <strong>tan\u00e1csad\u00e1sra<\/strong> \u00e9s a <strong>terhesell\u00e1t\u00e1s u\u0308temterv\u00e9nek kidolgoz\u00e1s\u00e1ra<\/strong> \u2013 \u00e9s minden k\u00e9rd\u00e9s\u00e9re megb\u00edzhat\u00f3 v\u00e1laszt adunk.<\/p>\n<p>\u00d6nt \u00e9s n\u0151gy\u00f3gy\u00e1sz\u00e1t is azonnal t\u00e1j\u00e9koztatjuk a vizsg\u00e1latok eredm\u00e9ny\u00e9r\u0151l. <strong>Ha a leleten b\u00e1rmilyen rendelleness\u00e9get v\u00e9lu\u0308nk felfedezni, biztos\u00edtjuk tov\u00e1bbi tiszt\u00e1z\u00f3 vizsg\u00e1latok elv\u00e9gz\u00e9s\u00e9t.<\/strong> Amennyiben a rendelleness\u00e9g beigazol\u00f3dik, r\u00e9szletesen megbesz\u00e9lju\u0308k \u00d6nnel a megfelel\u0151 <strong>kezel\u00e9si elj\u00e1r\u00e1sokat, illetve alternat\u00edv\u00e1ikat<\/strong>, egyeztetu\u0308nk kezel\u0151orvos\u00e1val, \u00e9s koordin\u00e1ljuk a szu\u0308ks\u00e9ges vizsg\u00e1latokat.<\/p>\n<p>Ezenfelu\u0308l szakmai h\u00e1l\u00f3zatunk is az \u00d6n rendelkez\u00e9s\u00e9re \u00e1ll: K\u00e9r\u00e9sre <strong>m\u00e1s szakorvosi vizsg\u00e1latot \u00e9s kezel\u00e9st is megszervezu\u0308nk<\/strong>, amennyiben prenat\u00e1lis diagnosztikai szempontb\u00f3l tiszt\u00e1z\u00e1sra vagy int\u00e9zked\u00e9sre van szu\u0308ks\u00e9g.<\/p>\n<p>\u00d6r\u00f6mmel ny\u00fajtunk \u00d6nnek <strong>m\u00e1sodik orvosi v\u00e9lem\u00e9nyt<\/strong> vagy \u00e9rt\u00e9kel\u00e9st is.<\/p>\n<p><em>Az <a href=\"https:\/\/www.praenatalzentrum.wien\/hu\/urlapok\/\" rel=\"noopener\">Adatlapot<\/a>, a <a href=\"https:\/\/www.praenatalzentrum.wien\/hu\/urlapok\/\" rel=\"noopener\">T\u00e1j\u00e9koztat\u00f3 anyagot<\/a> \u00e9s az <a href=\"https:\/\/www.praenatalzentrum.wien\/hu\/urlapok\/\" rel=\"noopener\">Adatkezel\u00e9si t\u00e1j\u00e9koztat\u00f3t<\/a> m\u00e1r el\u0151re kit\u00f6ltheti, \u00e9s az els\u0151 konzult\u00e1ci\u00f3ra mag\u00e1val hozhatja. <\/em><\/p>\n<\/div><\/div><\/div><\/div><\/div><div class=\"vc_col-sm-2 wpb_column vc_column_container\"><div class=\"vc_column-inner\"><div class=\"wpb_wrapper\"><div class=\"w-separator size_small\"><\/div><\/div><\/div><\/div><\/div><\/div><\/section>\n","protected":false},"excerpt":{"rendered":"R\u00e9szletek","protected":false},"author":3,"featured_media":0,"parent":0,"menu_order":2,"comment_status":"closed","ping_status":"closed","template":"","meta":{"footnotes":""},"class_list":["post-10456","page","type-page","status-publish","hentry"],"yoast_head":"<!-- This site is optimized with the Yoast SEO plugin v27.4 - https:\/\/yoast.com\/product\/yoast-seo-wordpress\/ -->\n<title>Szolg\u00e1ltat\u00e1saink - Pr\u00e4natalzentrum an der Wien<\/title>\n<meta name=\"robots\" content=\"index, follow, max-snippet:-1, max-image-preview:large, max-video-preview:-1\" \/>\n<link rel=\"canonical\" href=\"https:\/\/www.praenatalzentrum.wien\/hu\/szolgaltatasaink\/\" \/>\n<meta property=\"og:locale\" content=\"hu_HU\" \/>\n<meta property=\"og:type\" content=\"article\" \/>\n<meta property=\"og:title\" content=\"Szolg\u00e1ltat\u00e1saink - Pr\u00e4natalzentrum an der Wien\" \/>\n<meta property=\"og:url\" content=\"https:\/\/www.praenatalzentrum.wien\/hu\/szolgaltatasaink\/\" \/>\n<meta property=\"og:site_name\" content=\"Pr\u00e4natalzentrum an der Wien\" \/>\n<meta property=\"article:modified_time\" content=\"2022-02-07T09:20:14+00:00\" \/>\n<meta property=\"og:image\" content=\"https:\/\/www.praenatalzentrum.wien\/wp-content\/uploads\/2021\/05\/praenatalzentrum-an-der-wien-slider-maedchen-1.jpg\" \/>\n\t<meta property=\"og:image:width\" content=\"1200\" \/>\n\t<meta property=\"og:image:height\" content=\"620\" \/>\n\t<meta property=\"og:image:type\" content=\"image\/jpeg\" \/>\n<meta name=\"twitter:card\" content=\"summary_large_image\" \/>\n<meta name=\"twitter:label1\" content=\"Becs\u00fclt olvas\u00e1si id\u0151\" \/>\n\t<meta name=\"twitter:data1\" content=\"2 perc\" \/>\n<script type=\"application\/ld+json\" class=\"yoast-schema-graph\">{\"@context\":\"https:\\\/\\\/schema.org\",\"@graph\":[{\"@type\":\"WebPage\",\"@id\":\"https:\\\/\\\/www.praenatalzentrum.wien\\\/hu\\\/szolgaltatasaink\\\/\",\"url\":\"https:\\\/\\\/www.praenatalzentrum.wien\\\/hu\\\/szolgaltatasaink\\\/\",\"name\":\"Szolg\u00e1ltat\u00e1saink - Pr\u00e4natalzentrum an der Wien\",\"isPartOf\":{\"@id\":\"https:\\\/\\\/www.praenatalzentrum.wien\\\/hu\\\/#website\"},\"datePublished\":\"2021-07-14T09:19:54+00:00\",\"dateModified\":\"2022-02-07T09:20:14+00:00\",\"breadcrumb\":{\"@id\":\"https:\\\/\\\/www.praenatalzentrum.wien\\\/hu\\\/szolgaltatasaink\\\/#breadcrumb\"},\"inLanguage\":\"hu\",\"potentialAction\":[{\"@type\":\"ReadAction\",\"target\":[\"https:\\\/\\\/www.praenatalzentrum.wien\\\/hu\\\/szolgaltatasaink\\\/\"]}]},{\"@type\":\"BreadcrumbList\",\"@id\":\"https:\\\/\\\/www.praenatalzentrum.wien\\\/hu\\\/szolgaltatasaink\\\/#breadcrumb\",\"itemListElement\":[{\"@type\":\"ListItem\",\"position\":1,\"name\":\"Startseite\",\"item\":\"https:\\\/\\\/www.praenatalzentrum.wien\\\/hu\\\/\"},{\"@type\":\"ListItem\",\"position\":2,\"name\":\"Szolg\u00e1ltat\u00e1saink\"}]},{\"@type\":\"WebSite\",\"@id\":\"https:\\\/\\\/www.praenatalzentrum.wien\\\/hu\\\/#website\",\"url\":\"https:\\\/\\\/www.praenatalzentrum.wien\\\/hu\\\/\",\"name\":\"Pr\u00e4natalzentrum an der Wien\",\"description\":\"Pr\u00e4nataldiagnostik\",\"publisher\":{\"@id\":\"https:\\\/\\\/www.praenatalzentrum.wien\\\/hu\\\/#organization\"},\"potentialAction\":[{\"@type\":\"SearchAction\",\"target\":{\"@type\":\"EntryPoint\",\"urlTemplate\":\"https:\\\/\\\/www.praenatalzentrum.wien\\\/hu\\\/?s={search_term_string}\"},\"query-input\":{\"@type\":\"PropertyValueSpecification\",\"valueRequired\":true,\"valueName\":\"search_term_string\"}}],\"inLanguage\":\"hu\"},{\"@type\":\"Organization\",\"@id\":\"https:\\\/\\\/www.praenatalzentrum.wien\\\/hu\\\/#organization\",\"name\":\"Pr\u00e4natalzentrum an der Wien\",\"url\":\"https:\\\/\\\/www.praenatalzentrum.wien\\\/hu\\\/\",\"logo\":{\"@type\":\"ImageObject\",\"inLanguage\":\"hu\",\"@id\":\"https:\\\/\\\/www.praenatalzentrum.wien\\\/hu\\\/#\\\/schema\\\/logo\\\/image\\\/\",\"url\":\"https:\\\/\\\/www.praenatalzentrum.wien\\\/wp-content\\\/uploads\\\/2020\\\/11\\\/Praenatalzentrum-Wien_Logo.png\",\"contentUrl\":\"https:\\\/\\\/www.praenatalzentrum.wien\\\/wp-content\\\/uploads\\\/2020\\\/11\\\/Praenatalzentrum-Wien_Logo.png\",\"width\":476,\"height\":100,\"caption\":\"Pr\u00e4natalzentrum an der Wien\"},\"image\":{\"@id\":\"https:\\\/\\\/www.praenatalzentrum.wien\\\/hu\\\/#\\\/schema\\\/logo\\\/image\\\/\"}}]}<\/script>\n<!-- \/ Yoast SEO plugin. -->","yoast_head_json":{"title":"Szolg\u00e1ltat\u00e1saink - Pr\u00e4natalzentrum an der Wien","robots":{"index":"index","follow":"follow","max-snippet":"max-snippet:-1","max-image-preview":"max-image-preview:large","max-video-preview":"max-video-preview:-1"},"canonical":"https:\/\/www.praenatalzentrum.wien\/hu\/szolgaltatasaink\/","og_locale":"hu_HU","og_type":"article","og_title":"Szolg\u00e1ltat\u00e1saink - Pr\u00e4natalzentrum an der Wien","og_url":"https:\/\/www.praenatalzentrum.wien\/hu\/szolgaltatasaink\/","og_site_name":"Pr\u00e4natalzentrum an der Wien","article_modified_time":"2022-02-07T09:20:14+00:00","og_image":[{"width":1200,"height":620,"url":"https:\/\/www.praenatalzentrum.wien\/wp-content\/uploads\/2021\/05\/praenatalzentrum-an-der-wien-slider-maedchen-1.jpg","type":"image\/jpeg"}],"twitter_card":"summary_large_image","twitter_misc":{"Becs\u00fclt olvas\u00e1si id\u0151":"2 perc"},"schema":{"@context":"https:\/\/schema.org","@graph":[{"@type":"WebPage","@id":"https:\/\/www.praenatalzentrum.wien\/hu\/szolgaltatasaink\/","url":"https:\/\/www.praenatalzentrum.wien\/hu\/szolgaltatasaink\/","name":"Szolg\u00e1ltat\u00e1saink - Pr\u00e4natalzentrum an der Wien","isPartOf":{"@id":"https:\/\/www.praenatalzentrum.wien\/hu\/#website"},"datePublished":"2021-07-14T09:19:54+00:00","dateModified":"2022-02-07T09:20:14+00:00","breadcrumb":{"@id":"https:\/\/www.praenatalzentrum.wien\/hu\/szolgaltatasaink\/#breadcrumb"},"inLanguage":"hu","potentialAction":[{"@type":"ReadAction","target":["https:\/\/www.praenatalzentrum.wien\/hu\/szolgaltatasaink\/"]}]},{"@type":"BreadcrumbList","@id":"https:\/\/www.praenatalzentrum.wien\/hu\/szolgaltatasaink\/#breadcrumb","itemListElement":[{"@type":"ListItem","position":1,"name":"Startseite","item":"https:\/\/www.praenatalzentrum.wien\/hu\/"},{"@type":"ListItem","position":2,"name":"Szolg\u00e1ltat\u00e1saink"}]},{"@type":"WebSite","@id":"https:\/\/www.praenatalzentrum.wien\/hu\/#website","url":"https:\/\/www.praenatalzentrum.wien\/hu\/","name":"Pr\u00e4natalzentrum an der Wien","description":"Pr\u00e4nataldiagnostik","publisher":{"@id":"https:\/\/www.praenatalzentrum.wien\/hu\/#organization"},"potentialAction":[{"@type":"SearchAction","target":{"@type":"EntryPoint","urlTemplate":"https:\/\/www.praenatalzentrum.wien\/hu\/?s={search_term_string}"},"query-input":{"@type":"PropertyValueSpecification","valueRequired":true,"valueName":"search_term_string"}}],"inLanguage":"hu"},{"@type":"Organization","@id":"https:\/\/www.praenatalzentrum.wien\/hu\/#organization","name":"Pr\u00e4natalzentrum an der Wien","url":"https:\/\/www.praenatalzentrum.wien\/hu\/","logo":{"@type":"ImageObject","inLanguage":"hu","@id":"https:\/\/www.praenatalzentrum.wien\/hu\/#\/schema\/logo\/image\/","url":"https:\/\/www.praenatalzentrum.wien\/wp-content\/uploads\/2020\/11\/Praenatalzentrum-Wien_Logo.png","contentUrl":"https:\/\/www.praenatalzentrum.wien\/wp-content\/uploads\/2020\/11\/Praenatalzentrum-Wien_Logo.png","width":476,"height":100,"caption":"Pr\u00e4natalzentrum an der Wien"},"image":{"@id":"https:\/\/www.praenatalzentrum.wien\/hu\/#\/schema\/logo\/image\/"}}]}},"_links":{"self":[{"href":"https:\/\/www.praenatalzentrum.wien\/hu\/wp-json\/wp\/v2\/pages\/10456","targetHints":{"allow":["GET"]}}],"collection":[{"href":"https:\/\/www.praenatalzentrum.wien\/hu\/wp-json\/wp\/v2\/pages"}],"about":[{"href":"https:\/\/www.praenatalzentrum.wien\/hu\/wp-json\/wp\/v2\/types\/page"}],"author":[{"embeddable":true,"href":"https:\/\/www.praenatalzentrum.wien\/hu\/wp-json\/wp\/v2\/users\/3"}],"replies":[{"embeddable":true,"href":"https:\/\/www.praenatalzentrum.wien\/hu\/wp-json\/wp\/v2\/comments?post=10456"}],"version-history":[{"count":7,"href":"https:\/\/www.praenatalzentrum.wien\/hu\/wp-json\/wp\/v2\/pages\/10456\/revisions"}],"predecessor-version":[{"id":11918,"href":"https:\/\/www.praenatalzentrum.wien\/hu\/wp-json\/wp\/v2\/pages\/10456\/revisions\/11918"}],"wp:attachment":[{"href":"https:\/\/www.praenatalzentrum.wien\/hu\/wp-json\/wp\/v2\/media?parent=10456"}],"curies":[{"name":"wp","href":"https:\/\/api.w.org\/{rel}","templated":true}]}}