{"id":9442,"date":"2021-03-25T08:49:45","date_gmt":"2021-03-25T07:49:45","guid":{"rendered":"https:\/\/www.praenatalzentrum.wien\/we-are-here-for-you\/dr-rebecca-ertl\/"},"modified":"2025-08-07T18:56:24","modified_gmt":"2025-08-07T16:56:24","slug":"dr-rebecca-ertl","status":"publish","type":"page","link":"https:\/\/www.praenatalzentrum.wien\/en\/we-are-here-for-you\/dr-rebecca-ertl\/","title":{"rendered":"Dr. Rebecca Ertl"},"content":{"rendered":"<section class=\"l-section wpb_row height_custom\"><div class=\"l-section-h i-cf\"><div class=\"g-cols vc_row via_flex valign_top type_default stacking_default\"><div class=\"vc_col-sm-6 wpb_column vc_column_container\"><div class=\"vc_column-inner\"><div class=\"wpb_wrapper\"><div class=\"wpb_text_column\"><div class=\"wpb_wrapper\"><h1>Dr. Rebecca Ertl<\/h1>\n<ul>\n<li>\n<div><span lang=\"EN-US\">Director of the <span class=\"Hyperlink1\">Pr\u00e4natalzentrum <\/span><\/span><span class=\"Hyperlink1\"><span lang=\"EN-US\">an der Wien<\/span><\/span><\/div>\n<\/li>\n<li>\n<div><span lang=\"EN-US\">Specialist in gynecology and obstetrics <\/span><\/div>\n<\/li>\n<li>Diploma of Fetal Medicine, Fetal Medicine Foundation, London<\/li>\n<li>\u00d6GUM level II<\/li>\n<\/ul>\n<p><b>Specialization<\/b><strong>:<\/strong><\/p>\n<ul>\n<li>Prenatal diagnostics<\/li>\n<li>Human genetics<\/li>\n<\/ul>\n<p><b>Languages<\/b><strong>:<\/strong> German, English<\/p>\n<\/div><\/div><\/div><\/div><\/div><div class=\"vc_col-sm-6 wpb_column vc_column_container\"><div class=\"vc_column-inner\"><div class=\"wpb_wrapper\"><div class=\"w-image zoombild has_ratio align_right\"><div class=\"w-image-h\"><div style=\"padding-bottom:100%\"><\/div><img decoding=\"async\" width=\"570\" height=\"567\" src=\"https:\/\/www.praenatalzentrum.wien\/wp-content\/uploads\/2021\/05\/dr-rebecca-ertl-praenatalzentrum-wien.jpg\" class=\"attachment-full size-full\" alt=\"Portrait Dr. Rebecca Ertl\" loading=\"lazy\" \/><\/div><\/div><\/div><\/div><\/div><\/div><\/div><\/section>\n","protected":false},"excerpt":{"rendered":"Dr. Rebecca Ertl Director of the Pr\u00e4natalzentrum an der Wien Specialist in gynecology and obstetrics Diploma of Fetal Medicine, Fetal Medicine Foundation, London \u00d6GUM level II Specialization: Prenatal diagnostics Human genetics Languages: German, English","protected":false},"author":1,"featured_media":0,"parent":9435,"menu_order":2,"comment_status":"closed","ping_status":"closed","template":"","meta":{"footnotes":""},"class_list":["post-9442","page","type-page","status-publish","hentry"],"yoast_head":"<!-- This site is optimized with the Yoast SEO plugin v27.4 - https:\/\/yoast.com\/product\/yoast-seo-wordpress\/ -->\n<title>Dr. Rebecca Ertl - Pr\u00e4natalzentrum an der Wien<\/title>\n<meta name=\"description\" content=\"Director of the Pr\u00e4natalzentrum an der Wien, Senior physician at the Landesklinikum M\u00f6dling, Specialization in Prenatal diagnostics &amp; Human genetics, Languages: EN, DE\" \/>\n<meta name=\"robots\" content=\"index, follow, max-snippet:-1, max-image-preview:large, max-video-preview:-1\" \/>\n<link rel=\"canonical\" href=\"https:\/\/www.praenatalzentrum.wien\/en\/we-are-here-for-you\/dr-rebecca-ertl\/\" \/>\n<meta property=\"og:locale\" content=\"en_US\" \/>\n<meta property=\"og:type\" content=\"article\" \/>\n<meta property=\"og:title\" content=\"Dr. Rebecca Ertl - Pr\u00e4natalzentrum an der Wien\" \/>\n<meta property=\"og:description\" content=\"Director of the Pr\u00e4natalzentrum an der Wien, Senior physician at the Landesklinikum M\u00f6dling, Specialization in Prenatal diagnostics &amp; Human genetics, Languages: EN, DE\" \/>\n<meta property=\"og:url\" content=\"https:\/\/www.praenatalzentrum.wien\/en\/we-are-here-for-you\/dr-rebecca-ertl\/\" \/>\n<meta property=\"og:site_name\" content=\"Pr\u00e4natalzentrum an der Wien\" \/>\n<meta property=\"article:modified_time\" content=\"2025-08-07T16:56:24+00:00\" \/>\n<meta property=\"og:image\" content=\"https:\/\/www.praenatalzentrum.wien\/wp-content\/uploads\/2021\/05\/praenatalzentrum-an-der-wien-slider-maedchen-1.jpg\" \/>\n\t<meta property=\"og:image:width\" content=\"1200\" \/>\n\t<meta property=\"og:image:height\" content=\"620\" \/>\n\t<meta property=\"og:image:type\" content=\"image\/jpeg\" \/>\n<meta name=\"twitter:card\" content=\"summary_large_image\" \/>\n<meta name=\"twitter:label1\" content=\"Est. reading time\" \/>\n\t<meta name=\"twitter:data1\" content=\"1 minute\" \/>\n<script type=\"application\/ld+json\" class=\"yoast-schema-graph\">{\"@context\":\"https:\\\/\\\/schema.org\",\"@graph\":[{\"@type\":\"WebPage\",\"@id\":\"https:\\\/\\\/www.praenatalzentrum.wien\\\/en\\\/we-are-here-for-you\\\/dr-rebecca-ertl\\\/\",\"url\":\"https:\\\/\\\/www.praenatalzentrum.wien\\\/en\\\/we-are-here-for-you\\\/dr-rebecca-ertl\\\/\",\"name\":\"Dr. Rebecca Ertl - Pr\u00e4natalzentrum an der Wien\",\"isPartOf\":{\"@id\":\"https:\\\/\\\/www.praenatalzentrum.wien\\\/en\\\/#website\"},\"datePublished\":\"2021-03-25T07:49:45+00:00\",\"dateModified\":\"2025-08-07T16:56:24+00:00\",\"description\":\"Director of the Pr\u00e4natalzentrum an der Wien, Senior physician at the Landesklinikum M\u00f6dling, Specialization in Prenatal diagnostics & Human genetics, Languages: EN, DE\",\"breadcrumb\":{\"@id\":\"https:\\\/\\\/www.praenatalzentrum.wien\\\/en\\\/we-are-here-for-you\\\/dr-rebecca-ertl\\\/#breadcrumb\"},\"inLanguage\":\"en-US\",\"potentialAction\":[{\"@type\":\"ReadAction\",\"target\":[\"https:\\\/\\\/www.praenatalzentrum.wien\\\/en\\\/we-are-here-for-you\\\/dr-rebecca-ertl\\\/\"]}]},{\"@type\":\"BreadcrumbList\",\"@id\":\"https:\\\/\\\/www.praenatalzentrum.wien\\\/en\\\/we-are-here-for-you\\\/dr-rebecca-ertl\\\/#breadcrumb\",\"itemListElement\":[{\"@type\":\"ListItem\",\"position\":1,\"name\":\"Startseite\",\"item\":\"https:\\\/\\\/www.praenatalzentrum.wien\\\/en\\\/\"},{\"@type\":\"ListItem\",\"position\":2,\"name\":\"We are here for you\",\"item\":\"https:\\\/\\\/www.praenatalzentrum.wien\\\/en\\\/we-are-here-for-you\\\/\"},{\"@type\":\"ListItem\",\"position\":3,\"name\":\"Dr. Rebecca Ertl\"}]},{\"@type\":\"WebSite\",\"@id\":\"https:\\\/\\\/www.praenatalzentrum.wien\\\/en\\\/#website\",\"url\":\"https:\\\/\\\/www.praenatalzentrum.wien\\\/en\\\/\",\"name\":\"Pr\u00e4natalzentrum an der Wien\",\"description\":\"Pr\u00e4nataldiagnostik\",\"publisher\":{\"@id\":\"https:\\\/\\\/www.praenatalzentrum.wien\\\/en\\\/#organization\"},\"potentialAction\":[{\"@type\":\"SearchAction\",\"target\":{\"@type\":\"EntryPoint\",\"urlTemplate\":\"https:\\\/\\\/www.praenatalzentrum.wien\\\/en\\\/?s={search_term_string}\"},\"query-input\":{\"@type\":\"PropertyValueSpecification\",\"valueRequired\":true,\"valueName\":\"search_term_string\"}}],\"inLanguage\":\"en-US\"},{\"@type\":\"Organization\",\"@id\":\"https:\\\/\\\/www.praenatalzentrum.wien\\\/en\\\/#organization\",\"name\":\"Pr\u00e4natalzentrum an der Wien\",\"url\":\"https:\\\/\\\/www.praenatalzentrum.wien\\\/en\\\/\",\"logo\":{\"@type\":\"ImageObject\",\"inLanguage\":\"en-US\",\"@id\":\"https:\\\/\\\/www.praenatalzentrum.wien\\\/en\\\/#\\\/schema\\\/logo\\\/image\\\/\",\"url\":\"https:\\\/\\\/www.praenatalzentrum.wien\\\/wp-content\\\/uploads\\\/2020\\\/11\\\/Praenatalzentrum-Wien_Logo.png\",\"contentUrl\":\"https:\\\/\\\/www.praenatalzentrum.wien\\\/wp-content\\\/uploads\\\/2020\\\/11\\\/Praenatalzentrum-Wien_Logo.png\",\"width\":476,\"height\":100,\"caption\":\"Pr\u00e4natalzentrum an der Wien\"},\"image\":{\"@id\":\"https:\\\/\\\/www.praenatalzentrum.wien\\\/en\\\/#\\\/schema\\\/logo\\\/image\\\/\"}}]}<\/script>\n<!-- \/ Yoast SEO plugin. -->","yoast_head_json":{"title":"Dr. Rebecca Ertl - Pr\u00e4natalzentrum an der Wien","description":"Director of the Pr\u00e4natalzentrum an der Wien, Senior physician at the Landesklinikum M\u00f6dling, Specialization in Prenatal diagnostics & Human genetics, Languages: EN, DE","robots":{"index":"index","follow":"follow","max-snippet":"max-snippet:-1","max-image-preview":"max-image-preview:large","max-video-preview":"max-video-preview:-1"},"canonical":"https:\/\/www.praenatalzentrum.wien\/en\/we-are-here-for-you\/dr-rebecca-ertl\/","og_locale":"en_US","og_type":"article","og_title":"Dr. Rebecca Ertl - Pr\u00e4natalzentrum an der Wien","og_description":"Director of the Pr\u00e4natalzentrum an der Wien, Senior physician at the Landesklinikum M\u00f6dling, Specialization in Prenatal diagnostics & Human genetics, Languages: EN, DE","og_url":"https:\/\/www.praenatalzentrum.wien\/en\/we-are-here-for-you\/dr-rebecca-ertl\/","og_site_name":"Pr\u00e4natalzentrum an der Wien","article_modified_time":"2025-08-07T16:56:24+00:00","og_image":[{"width":1200,"height":620,"url":"https:\/\/www.praenatalzentrum.wien\/wp-content\/uploads\/2021\/05\/praenatalzentrum-an-der-wien-slider-maedchen-1.jpg","type":"image\/jpeg"}],"twitter_card":"summary_large_image","twitter_misc":{"Est. reading time":"1 minute"},"schema":{"@context":"https:\/\/schema.org","@graph":[{"@type":"WebPage","@id":"https:\/\/www.praenatalzentrum.wien\/en\/we-are-here-for-you\/dr-rebecca-ertl\/","url":"https:\/\/www.praenatalzentrum.wien\/en\/we-are-here-for-you\/dr-rebecca-ertl\/","name":"Dr. Rebecca Ertl - Pr\u00e4natalzentrum an der Wien","isPartOf":{"@id":"https:\/\/www.praenatalzentrum.wien\/en\/#website"},"datePublished":"2021-03-25T07:49:45+00:00","dateModified":"2025-08-07T16:56:24+00:00","description":"Director of the Pr\u00e4natalzentrum an der Wien, Senior physician at the Landesklinikum M\u00f6dling, Specialization in Prenatal diagnostics & Human genetics, Languages: EN, DE","breadcrumb":{"@id":"https:\/\/www.praenatalzentrum.wien\/en\/we-are-here-for-you\/dr-rebecca-ertl\/#breadcrumb"},"inLanguage":"en-US","potentialAction":[{"@type":"ReadAction","target":["https:\/\/www.praenatalzentrum.wien\/en\/we-are-here-for-you\/dr-rebecca-ertl\/"]}]},{"@type":"BreadcrumbList","@id":"https:\/\/www.praenatalzentrum.wien\/en\/we-are-here-for-you\/dr-rebecca-ertl\/#breadcrumb","itemListElement":[{"@type":"ListItem","position":1,"name":"Startseite","item":"https:\/\/www.praenatalzentrum.wien\/en\/"},{"@type":"ListItem","position":2,"name":"We are here for you","item":"https:\/\/www.praenatalzentrum.wien\/en\/we-are-here-for-you\/"},{"@type":"ListItem","position":3,"name":"Dr. Rebecca Ertl"}]},{"@type":"WebSite","@id":"https:\/\/www.praenatalzentrum.wien\/en\/#website","url":"https:\/\/www.praenatalzentrum.wien\/en\/","name":"Pr\u00e4natalzentrum an der Wien","description":"Pr\u00e4nataldiagnostik","publisher":{"@id":"https:\/\/www.praenatalzentrum.wien\/en\/#organization"},"potentialAction":[{"@type":"SearchAction","target":{"@type":"EntryPoint","urlTemplate":"https:\/\/www.praenatalzentrum.wien\/en\/?s={search_term_string}"},"query-input":{"@type":"PropertyValueSpecification","valueRequired":true,"valueName":"search_term_string"}}],"inLanguage":"en-US"},{"@type":"Organization","@id":"https:\/\/www.praenatalzentrum.wien\/en\/#organization","name":"Pr\u00e4natalzentrum an der Wien","url":"https:\/\/www.praenatalzentrum.wien\/en\/","logo":{"@type":"ImageObject","inLanguage":"en-US","@id":"https:\/\/www.praenatalzentrum.wien\/en\/#\/schema\/logo\/image\/","url":"https:\/\/www.praenatalzentrum.wien\/wp-content\/uploads\/2020\/11\/Praenatalzentrum-Wien_Logo.png","contentUrl":"https:\/\/www.praenatalzentrum.wien\/wp-content\/uploads\/2020\/11\/Praenatalzentrum-Wien_Logo.png","width":476,"height":100,"caption":"Pr\u00e4natalzentrum an der Wien"},"image":{"@id":"https:\/\/www.praenatalzentrum.wien\/en\/#\/schema\/logo\/image\/"}}]}},"_links":{"self":[{"href":"https:\/\/www.praenatalzentrum.wien\/en\/wp-json\/wp\/v2\/pages\/9442","targetHints":{"allow":["GET"]}}],"collection":[{"href":"https:\/\/www.praenatalzentrum.wien\/en\/wp-json\/wp\/v2\/pages"}],"about":[{"href":"https:\/\/www.praenatalzentrum.wien\/en\/wp-json\/wp\/v2\/types\/page"}],"author":[{"embeddable":true,"href":"https:\/\/www.praenatalzentrum.wien\/en\/wp-json\/wp\/v2\/users\/1"}],"replies":[{"embeddable":true,"href":"https:\/\/www.praenatalzentrum.wien\/en\/wp-json\/wp\/v2\/comments?post=9442"}],"version-history":[{"count":7,"href":"https:\/\/www.praenatalzentrum.wien\/en\/wp-json\/wp\/v2\/pages\/9442\/revisions"}],"predecessor-version":[{"id":15493,"href":"https:\/\/www.praenatalzentrum.wien\/en\/wp-json\/wp\/v2\/pages\/9442\/revisions\/15493"}],"up":[{"embeddable":true,"href":"https:\/\/www.praenatalzentrum.wien\/en\/wp-json\/wp\/v2\/pages\/9435"}],"wp:attachment":[{"href":"https:\/\/www.praenatalzentrum.wien\/en\/wp-json\/wp\/v2\/media?parent=9442"}],"curies":[{"name":"wp","href":"https:\/\/api.w.org\/{rel}","templated":true}]}}